{"id":12143,"date":"2017-05-10T13:40:41","date_gmt":"2017-05-10T13:40:41","guid":{"rendered":"https:\/\/2bazores.com\/reservas\/"},"modified":"2022-09-20T15:50:13","modified_gmt":"2022-09-20T15:50:13","slug":"reservations","status":"publish","type":"page","link":"https:\/\/2bazores.com\/fr\/reservations\/","title":{"rendered":"R\u00e9servations"},"content":{"rendered":"<p>[vc_row css=\u00a0\u00bb.vc_custom_1654170275063{margin-top: 0px !important;margin-bottom: 0px !important;padding-top: 80px !important;padding-bottom: 60px !important;}\u00a0\u00bb][vc_column width=\u00a0\u00bb1\/6&Prime;][\/vc_column][vc_column width=\u00a0\u00bb4\/6&Prime;]<div id=\"ultimate-heading-163269f364153d6c5\" class=\"uvc-heading ult-adjust-bottom-margin ultimate-heading-163269f364153d6c5 uvc-8940 \" data-hspacer=\"no_spacer\"  data-halign=\"center\" style=\"text-align:center\"><div class=\"uvc-heading-spacer no_spacer\" style=\"top\"><\/div><div class=\"uvc-main-heading ult-responsive\"  data-ultimate-target='.uvc-heading.ultimate-heading-163269f364153d6c5 h2'  data-responsive-json-new='{\"font-size\":\"desktop:24px;\",\"line-height\":\"desktop:34px;\"}' ><h2 style=\"font-family:&#039;Gloria Hallelujah&#039;;font-weight:bold;color:#d5c3a0;margin-bottom:5px;\">Faites votre r\u00e9servation maintenant<\/h2><\/div><div class=\"uvc-sub-heading ult-responsive\"  data-ultimate-target='.uvc-heading.ultimate-heading-163269f364153d6c5 .uvc-sub-heading '  data-responsive-json-new='{\"font-size\":\"desktop:42px;\",\"line-height\":\"desktop:54px;\"}'  style=\"font-family:&#039;Josefin Sans&#039;;font-weight:700;color:#333333;margin-bottom:40px;\"><span id=\"result_box\" class=\"short_text\" lang=\"fr\"><span class=\"\">R\u00e9server une table<\/span><\/span><\/div><\/div>[vc_column_text css=\u00a0\u00bb.vc_custom_1660234176331{margin-top: 0px !important;margin-bottom: 0px !important;padding-top: 0px !important;padding-bottom: 40px !important;}\u00a0\u00bb]<\/p>\n<p style=\"text-align: center;\">Faites votre r\u00e9servation d\u00e8s maintenant et profitez d&rsquo;un moment unique ! Notre nourriture, 100% a\u00e7orienne, est quelque chose \u00e0 manger et \u00e0 en redemander ! Profitez de tout ce que nous avons pour vous.<\/p>\n<p>[\/vc_column_text]<div role=\"form\" class=\"wpcf7\" id=\"wpcf7-f12173-o1\" lang=\"fr-FR\" dir=\"ltr\">\n<div class=\"screen-reader-response\"><p role=\"status\" aria-live=\"polite\" aria-atomic=\"true\"><\/p> <ul><\/ul><\/div>\n<form action=\"\/fr\/wp-json\/wp\/v2\/pages\/12143#wpcf7-f12173-o1\" method=\"post\" class=\"wpcf7-form init\" novalidate=\"novalidate\" data-status=\"init\">\n<div style=\"display: none;\">\n<input type=\"hidden\" name=\"_wpcf7\" value=\"12173\" \/>\n<input type=\"hidden\" name=\"_wpcf7_version\" value=\"5.5.6.1\" \/>\n<input type=\"hidden\" name=\"_wpcf7_locale\" value=\"fr_FR\" \/>\n<input type=\"hidden\" name=\"_wpcf7_unit_tag\" value=\"wpcf7-f12173-o1\" \/>\n<input type=\"hidden\" name=\"_wpcf7_container_post\" value=\"0\" \/>\n<input type=\"hidden\" name=\"_wpcf7_posted_data_hash\" value=\"\" \/>\n<input type=\"hidden\" name=\"_wpcf7_recaptcha_response\" value=\"\" \/>\n<\/div>\n<div class=\"cstheme_contactform_type10\">\n<div class=\"clearfix\"><span class=\"wpcf7-form-control-wrap your-name\"><input type=\"text\" name=\"your-name\" value=\"\" size=\"40\" class=\"wpcf7-form-control wpcf7-text wpcf7-validates-as-required\" aria-required=\"true\" aria-invalid=\"false\" placeholder=\"Nom\" \/><\/span><span class=\"wpcf7-form-control-wrap your-email\"><input type=\"email\" name=\"your-email\" value=\"\" size=\"40\" class=\"wpcf7-form-control wpcf7-text wpcf7-email wpcf7-validates-as-required wpcf7-validates-as-email\" aria-required=\"true\" aria-invalid=\"false\" placeholder=\"E-mail\" \/><\/span><span class=\"wpcf7-form-control-wrap tel-285\"><input type=\"tel\" name=\"tel-285\" value=\"\" size=\"40\" class=\"wpcf7-form-control wpcf7-text wpcf7-tel wpcf7-validates-as-required wpcf7-validates-as-tel\" aria-required=\"true\" aria-invalid=\"false\" placeholder=\"Contact\" \/><\/span><\/div>\n<div class=\"clearfix\"><span class=\"wpcf7-form-control-wrap pessoas\"><input type=\"number\" name=\"pessoas\" value=\"\" class=\"wpcf7-form-control wpcf7-number wpcf7-validates-as-required wpcf7-validates-as-number\" min=\"1\" aria-required=\"true\" aria-invalid=\"false\" placeholder=\"Personnes\" \/><\/span><span class=\"wpcf7-form-control-wrap date-565\"><input type=\"date\" name=\"date-565\" value=\"\" class=\"wpcf7-form-control wpcf7-date wpcf7-validates-as-required wpcf7-validates-as-date\" aria-required=\"true\" aria-invalid=\"false\" placeholder=\"Date\" \/><\/span><span class=\"wpcf7-form-control-wrap time\"><input type=\"text\" name=\"time\" value=\"\" size=\"40\" class=\"wpcf7-form-control wpcf7-text wpcf7-validates-as-required walcf7-timepicker\" aria-required=\"true\" aria-invalid=\"false\" placeholder=\"Heure\" \/><\/span><\/div>\n<p><span class=\"wpcf7-form-control-wrap your-message\"><textarea name=\"your-message\" cols=\"40\" rows=\"10\" class=\"wpcf7-form-control wpcf7-textarea wpcf7-validates-as-required\" aria-required=\"true\" aria-invalid=\"false\" placeholder=\"Message\"><\/textarea><\/span><br \/>\n<span class=\"wpcf7-form-control-wrap acceptance-69\"><span class=\"wpcf7-form-control wpcf7-acceptance\"><span class=\"wpcf7-list-item\"><label><input type=\"checkbox\" name=\"acceptance-69\" value=\"1\" aria-invalid=\"false\" \/><span class=\"wpcf7-list-item-label\">J'ai lu et j'accepte le <a href=\"https:\/\/2bazores.com\/fr\/termes-et-conditions\/\" target=\"_blank\">Termes et conditions<\/a> et le <a href=\"https:\/\/2bazores.com\/fr\/politique-de-confidentialite\/\" target=\"_blank\">Politique de confidentialit\u00e9<\/a>.<\/span><\/label><\/span><\/span><\/span><\/p>\n<div class=\"text-center\"><input type=\"submit\" value=\"Faire une demande de r\u00e9servation\" class=\"wpcf7-form-control has-spinner wpcf7-submit\" \/><\/div>\n<\/div>\n<div class=\"wpcf7-response-output\" aria-hidden=\"true\"><\/div><\/form><\/div>[\/vc_column][vc_column width=\u00a0\u00bb1\/6&Prime;][\/vc_column][\/vc_row][vc_row bg_type=\u00a0\u00bbbg_color\u00a0\u00bb bg_override=\u00a0\u00bbfull\u00a0\u00bb css=\u00a0\u00bb.vc_custom_1654166887193{margin-top: 0px !important;margin-bottom: 0px !important;padding-top: 30px !important;padding-bottom: 30px !important;}\u00a0\u00bb bg_color_value=\u00a0\u00bb#faf9f5&Prime;][vc_column css=\u00a0\u00bb.vc_custom_1654166987241{padding-bottom: 35px !important;}\u00a0\u00bb]<div id=\"ultimate-heading-581169f364153db12\" class=\"uvc-heading ult-adjust-bottom-margin ultimate-heading-581169f364153db12 uvc-5299 h3Reserve\" data-hspacer=\"no_spacer\"  data-halign=\"center\" style=\"text-align:center\"><div class=\"uvc-heading-spacer no_spacer\" style=\"top\"><\/div><div class=\"uvc-main-heading ult-responsive\"  data-ultimate-target='.uvc-heading.ultimate-heading-581169f364153db12 h3'  data-responsive-json-new='{\"font-size\":\"desktop:42px;\",\"line-height\":\"desktop:42px;\"}' ><h3 style=\"font-family:&#039;Gloria Hallelujah&#039;;font-weight:bold;color:#333333;\">Veuillez attendre la confirmation de votre r\u00e9servation<\/h3><\/div><\/div>[\/vc_column][\/vc_row]<\/p>\n","protected":false},"excerpt":{"rendered":"<p>[vc_row css=\u00a0\u00bb.vc_custom_1654170275063{margin-top: 0px !important;margin-bottom: 0px !important;padding-top: 80px !important;padding-bottom: 60px !important;}\u00a0\u00bb][vc_column width=\u00a0\u00bb1\/6&Prime;][\/vc_column][vc_column width=\u00a0\u00bb4\/6&Prime;][vc_column_text css=\u00a0\u00bb.vc_custom_1660234176331{margin-top: 0px !important;margin-bottom: 0px !important;padding-top: 0px !important;padding-bottom: 40px !important;}\u00a0\u00bb] Faites votre r\u00e9servation d\u00e8s maintenant et profitez d&rsquo;un moment unique ! Notre nourriture, 100% a\u00e7orienne, est quelque chose \u00e0 manger et \u00e0 en redemander ! Profitez de tout ce que nous avons pour vous. [&hellip;]<\/p>\n","protected":false},"author":1,"featured_media":12009,"parent":0,"menu_order":0,"comment_status":"closed","ping_status":"closed","template":"","meta":[],"acf":[],"yoast_head":"<!-- This site is optimized with the Yoast SEO plugin v19.0 - https:\/\/yoast.com\/wordpress\/plugins\/seo\/ -->\n<title>Restaurant \u00e0 Ponta Delgada, Azores | R\u00e9servez avec 2B Snackbar<\/title>\n<meta name=\"description\" content=\"R\u00e9servez d\u00e8s maintenant et pr\u00e9parez-vous \u00e0 d\u00e9guster un repas typiquement a\u00e7orienne, dans l\u2019un des meilleurs restaurants de S\u00e3o Miguel!\" \/>\n<meta name=\"robots\" content=\"index, follow, max-snippet:-1, max-image-preview:large, max-video-preview:-1\" \/>\n<link rel=\"canonical\" href=\"https:\/\/2bazores.com\/fr\/reservations\/\" \/>\n<meta property=\"og:locale\" content=\"fr_FR\" \/>\n<meta property=\"og:type\" content=\"article\" \/>\n<meta property=\"og:title\" content=\"Restaurant \u00e0 Ponta Delgada, Azores | R\u00e9servez avec 2B Snackbar\" \/>\n<meta property=\"og:description\" content=\"R\u00e9servez d\u00e8s maintenant et pr\u00e9parez-vous \u00e0 d\u00e9guster un repas typiquement a\u00e7orienne, dans l\u2019un des meilleurs restaurants de S\u00e3o Miguel!\" \/>\n<meta property=\"og:url\" content=\"https:\/\/2bazores.com\/fr\/reservations\/\" \/>\n<meta property=\"og:site_name\" content=\"2B Restaurante Snack Bar\" \/>\n<meta property=\"article:modified_time\" content=\"2022-09-20T15:50:13+00:00\" \/>\n<meta property=\"og:image\" content=\"https:\/\/2bazores.com\/wp-content\/uploads\/2022\/05\/dsc09975-scaled.jpg\" \/>\n\t<meta property=\"og:image:width\" content=\"2560\" \/>\n\t<meta property=\"og:image:height\" content=\"1707\" \/>\n\t<meta property=\"og:image:type\" content=\"image\/jpeg\" \/>\n<meta name=\"twitter:card\" content=\"summary_large_image\" \/>\n<meta name=\"twitter:label1\" content=\"Est. reading time\" \/>\n\t<meta name=\"twitter:data1\" content=\"1 minute\" \/>\n<script type=\"application\/ld+json\" class=\"yoast-schema-graph\">{\"@context\":\"https:\/\/schema.org\",\"@graph\":[{\"@type\":\"Organization\",\"@id\":\"https:\/\/2bazores.com\/#organization\",\"name\":\"2B Restaurante Snack Bar\",\"url\":\"https:\/\/2bazores.com\/\",\"sameAs\":[],\"logo\":{\"@type\":\"ImageObject\",\"inLanguage\":\"fr-FR\",\"@id\":\"https:\/\/2bazores.com\/#\/schema\/logo\/image\/\",\"url\":\"https:\/\/2bazores.com\/wp-content\/uploads\/2022\/10\/2b-horizontal-header-2.png\",\"contentUrl\":\"https:\/\/2bazores.com\/wp-content\/uploads\/2022\/10\/2b-horizontal-header-2.png\",\"width\":306,\"height\":55,\"caption\":\"2B Restaurante Snack Bar\"},\"image\":{\"@id\":\"https:\/\/2bazores.com\/#\/schema\/logo\/image\/\"}},{\"@type\":\"WebSite\",\"@id\":\"https:\/\/2bazores.com\/#website\",\"url\":\"https:\/\/2bazores.com\/\",\"name\":\"2B Restaurante Snack Bar\",\"description\":\"2B Azores Restaurante\",\"publisher\":{\"@id\":\"https:\/\/2bazores.com\/#organization\"},\"potentialAction\":[{\"@type\":\"SearchAction\",\"target\":{\"@type\":\"EntryPoint\",\"urlTemplate\":\"https:\/\/2bazores.com\/?s={search_term_string}\"},\"query-input\":\"required name=search_term_string\"}],\"inLanguage\":\"fr-FR\"},{\"@type\":\"ImageObject\",\"inLanguage\":\"fr-FR\",\"@id\":\"https:\/\/2bazores.com\/fr\/reservations\/#primaryimage\",\"url\":\"https:\/\/2bazores.com\/wp-content\/uploads\/2022\/05\/dsc09975-scaled.jpg\",\"contentUrl\":\"https:\/\/2bazores.com\/wp-content\/uploads\/2022\/05\/dsc09975-scaled.jpg\",\"width\":2560,\"height\":1707,\"caption\":\"Restaurantes em sao miguel a\u00e7ores\"},{\"@type\":\"WebPage\",\"@id\":\"https:\/\/2bazores.com\/fr\/reservations\/#webpage\",\"url\":\"https:\/\/2bazores.com\/fr\/reservations\/\",\"name\":\"Restaurant \u00e0 Ponta Delgada, Azores | R\u00e9servez avec 2B Snackbar\",\"isPartOf\":{\"@id\":\"https:\/\/2bazores.com\/#website\"},\"primaryImageOfPage\":{\"@id\":\"https:\/\/2bazores.com\/fr\/reservations\/#primaryimage\"},\"datePublished\":\"2017-05-10T13:40:41+00:00\",\"dateModified\":\"2022-09-20T15:50:13+00:00\",\"description\":\"R\u00e9servez d\u00e8s maintenant et pr\u00e9parez-vous \u00e0 d\u00e9guster un repas typiquement a\u00e7orienne, dans l\u2019un des meilleurs restaurants de S\u00e3o Miguel!\",\"breadcrumb\":{\"@id\":\"https:\/\/2bazores.com\/fr\/reservations\/#breadcrumb\"},\"inLanguage\":\"fr-FR\",\"potentialAction\":[{\"@type\":\"ReadAction\",\"target\":[\"https:\/\/2bazores.com\/fr\/reservations\/\"]}]},{\"@type\":\"BreadcrumbList\",\"@id\":\"https:\/\/2bazores.com\/fr\/reservations\/#breadcrumb\",\"itemListElement\":[{\"@type\":\"ListItem\",\"position\":1,\"name\":\"Home\",\"item\":\"https:\/\/2bazores.com\/fr\/\"},{\"@type\":\"ListItem\",\"position\":2,\"name\":\"R\u00e9servations\"}]}]}<\/script>\n<!-- \/ Yoast SEO plugin. -->","yoast_head_json":{"title":"Restaurant \u00e0 Ponta Delgada, Azores | R\u00e9servez avec 2B Snackbar","description":"R\u00e9servez d\u00e8s maintenant et pr\u00e9parez-vous \u00e0 d\u00e9guster un repas typiquement a\u00e7orienne, dans l\u2019un des meilleurs restaurants de S\u00e3o Miguel!","robots":{"index":"index","follow":"follow","max-snippet":"max-snippet:-1","max-image-preview":"max-image-preview:large","max-video-preview":"max-video-preview:-1"},"canonical":"https:\/\/2bazores.com\/fr\/reservations\/","og_locale":"fr_FR","og_type":"article","og_title":"Restaurant \u00e0 Ponta Delgada, Azores | R\u00e9servez avec 2B Snackbar","og_description":"R\u00e9servez d\u00e8s maintenant et pr\u00e9parez-vous \u00e0 d\u00e9guster un repas typiquement a\u00e7orienne, dans l\u2019un des meilleurs restaurants de S\u00e3o Miguel!","og_url":"https:\/\/2bazores.com\/fr\/reservations\/","og_site_name":"2B Restaurante Snack Bar","article_modified_time":"2022-09-20T15:50:13+00:00","og_image":[{"width":2560,"height":1707,"url":"https:\/\/2bazores.com\/wp-content\/uploads\/2022\/05\/dsc09975-scaled.jpg","type":"image\/jpeg"}],"twitter_card":"summary_large_image","twitter_misc":{"Est. reading time":"1 minute"},"schema":{"@context":"https:\/\/schema.org","@graph":[{"@type":"Organization","@id":"https:\/\/2bazores.com\/#organization","name":"2B Restaurante Snack Bar","url":"https:\/\/2bazores.com\/","sameAs":[],"logo":{"@type":"ImageObject","inLanguage":"fr-FR","@id":"https:\/\/2bazores.com\/#\/schema\/logo\/image\/","url":"https:\/\/2bazores.com\/wp-content\/uploads\/2022\/10\/2b-horizontal-header-2.png","contentUrl":"https:\/\/2bazores.com\/wp-content\/uploads\/2022\/10\/2b-horizontal-header-2.png","width":306,"height":55,"caption":"2B Restaurante Snack Bar"},"image":{"@id":"https:\/\/2bazores.com\/#\/schema\/logo\/image\/"}},{"@type":"WebSite","@id":"https:\/\/2bazores.com\/#website","url":"https:\/\/2bazores.com\/","name":"2B Restaurante Snack Bar","description":"2B Azores Restaurante","publisher":{"@id":"https:\/\/2bazores.com\/#organization"},"potentialAction":[{"@type":"SearchAction","target":{"@type":"EntryPoint","urlTemplate":"https:\/\/2bazores.com\/?s={search_term_string}"},"query-input":"required name=search_term_string"}],"inLanguage":"fr-FR"},{"@type":"ImageObject","inLanguage":"fr-FR","@id":"https:\/\/2bazores.com\/fr\/reservations\/#primaryimage","url":"https:\/\/2bazores.com\/wp-content\/uploads\/2022\/05\/dsc09975-scaled.jpg","contentUrl":"https:\/\/2bazores.com\/wp-content\/uploads\/2022\/05\/dsc09975-scaled.jpg","width":2560,"height":1707,"caption":"Restaurantes em sao miguel a\u00e7ores"},{"@type":"WebPage","@id":"https:\/\/2bazores.com\/fr\/reservations\/#webpage","url":"https:\/\/2bazores.com\/fr\/reservations\/","name":"Restaurant \u00e0 Ponta Delgada, Azores | R\u00e9servez avec 2B Snackbar","isPartOf":{"@id":"https:\/\/2bazores.com\/#website"},"primaryImageOfPage":{"@id":"https:\/\/2bazores.com\/fr\/reservations\/#primaryimage"},"datePublished":"2017-05-10T13:40:41+00:00","dateModified":"2022-09-20T15:50:13+00:00","description":"R\u00e9servez d\u00e8s maintenant et pr\u00e9parez-vous \u00e0 d\u00e9guster un repas typiquement a\u00e7orienne, dans l\u2019un des meilleurs restaurants de S\u00e3o Miguel!","breadcrumb":{"@id":"https:\/\/2bazores.com\/fr\/reservations\/#breadcrumb"},"inLanguage":"fr-FR","potentialAction":[{"@type":"ReadAction","target":["https:\/\/2bazores.com\/fr\/reservations\/"]}]},{"@type":"BreadcrumbList","@id":"https:\/\/2bazores.com\/fr\/reservations\/#breadcrumb","itemListElement":[{"@type":"ListItem","position":1,"name":"Home","item":"https:\/\/2bazores.com\/fr\/"},{"@type":"ListItem","position":2,"name":"R\u00e9servations"}]}]}},"_links":{"self":[{"href":"https:\/\/2bazores.com\/fr\/wp-json\/wp\/v2\/pages\/12143"}],"collection":[{"href":"https:\/\/2bazores.com\/fr\/wp-json\/wp\/v2\/pages"}],"about":[{"href":"https:\/\/2bazores.com\/fr\/wp-json\/wp\/v2\/types\/page"}],"author":[{"embeddable":true,"href":"https:\/\/2bazores.com\/fr\/wp-json\/wp\/v2\/users\/1"}],"replies":[{"embeddable":true,"href":"https:\/\/2bazores.com\/fr\/wp-json\/wp\/v2\/comments?post=12143"}],"version-history":[{"count":4,"href":"https:\/\/2bazores.com\/fr\/wp-json\/wp\/v2\/pages\/12143\/revisions"}],"predecessor-version":[{"id":14195,"href":"https:\/\/2bazores.com\/fr\/wp-json\/wp\/v2\/pages\/12143\/revisions\/14195"}],"wp:featuredmedia":[{"embeddable":true,"href":"https:\/\/2bazores.com\/fr\/wp-json\/wp\/v2\/media\/12009"}],"wp:attachment":[{"href":"https:\/\/2bazores.com\/fr\/wp-json\/wp\/v2\/media?parent=12143"}],"curies":[{"name":"wp","href":"https:\/\/api.w.org\/{rel}","templated":true}]}}