{"id":12131,"date":"2017-05-05T22:23:04","date_gmt":"2017-05-05T22:23:04","guid":{"rendered":"https:\/\/2bazores.com\/novidades\/"},"modified":"2022-08-11T16:07:23","modified_gmt":"2022-08-11T16:07:23","slug":"nouvelles-restaurant-ponta-delgada-acores","status":"publish","type":"page","link":"https:\/\/2bazores.com\/fr\/nouvelles-restaurant-ponta-delgada-acores\/","title":{"rendered":"Nouvelles"},"content":{"rendered":"<p>[vc_row css=\u00a0\u00bb.vc_custom_1494023228042{margin-top: 0px !important;margin-bottom: 0px !important;padding-top: 80px !important;padding-bottom: 80px !important;}\u00a0\u00bb][vc_column width=\u00a0\u00bb1\/3&Prime;][vc_wp_categories][\/vc_column][vc_column width=\u00a0\u00bb2\/3&Prime;]<div id=\"blog_list\" class=\"masonry_top_img col1 \"><article id=\"post-12696\" class=\" col-md-12 post-12696 post type-post status-publish format-standard has-post-thumbnail hentry category-non-classifiee\"> \n\t\t\t<div class=\"post-content-wrapper clearfix\">\n\t\t\t\t<div class=\"post_format_content\">\n\t\t\t\t\t<div class=\"post_likes\">\r\n    <span class=\"cstheme_likes despero_add_like\" data-postid=\"12696\">\r\n        <i class=\"fa fa-heart-o\"><\/i>\r\n        <span class=\"likes_count\">0<\/span>\r\n    <\/span>\r\n    <\/div>\n\t\t\t\t\t\t\n\t\t\t<div class=\"post-image\">\n\t\t\t\t\t\t\t<a href=\"https:\/\/2bazores.com\/fr\/savourer-les-acores-est-aux-2b-restaurant-snack-bar\/\" title=\"Permalink to Savourer les A\u00e7ores est aux 2B Restaurant Snack Bar\" rel=\"bookmark\">\n\t\t\t\t\t<img src=\"https:\/\/2bazores.com\/wp-content\/uploads\/2022\/05\/dsc00459-scaled-1170x650.jpg\" alt=\"Savourer les A\u00e7ores est aux 2B Restaurant Snack Bar\" \/>\n\t\t\t\t<\/a>\n\t\t\t\t\t<\/div>\n\t\t\t\t\t<\/div>\n\t\t\t\t\t\t\t\t\t<div class=\"post-descr-wrap clearfix\">\n\t\t\t\t\t\t<div class=\"post-meta\">\n\t\t\t\t\t\t\t<span class=\"post-meta-author\">par administrador<\/span>\n\t\t\t\t\t\t\t<span class=\"post_meta_category\">dans<a href=\"https:\/\/2bazores.com\/fr\/category\/non-classifiee\/\" rel=\"category tag\">Non classifi\u00e9(e)<\/a><\/span>\n\t\t\t\t\t\t\t<span class=\"post-meta-date\">post\u00e9<i>24 mai, 2022<\/i><\/span>\n\t\t\t\t\t\t<\/div>\n\t\t\t\t\t\t<h2 class=\"post-title\">Savourer les A\u00e7ores est aux 2B Restaurant Snack Bar<\/h2>\n\t\t\t\t\t\t<div class=\"post-content clearfix\">\n\t\t\t\t\t\t\t<p>\u00a0\u00a0\u00a0\u00a0\u00a0\u00a0\u00a0\u00a0\u00a0\u00a0\u00a0 Vous cherchez \u00e0 go\u00fbter le meilleur de la r\u00e9gion? Alors le 2B Restaurant Snack Bar est sans aucun doute l\u2019endroit que vous recherchez! Tous les plats... <\/p>\n\t\t\t\t\t\t<\/div>\n\t\t\t\t\t\t<div class=\"clearfix\">\n\t\t\t\t\t\t\t<a class=\"post_content_readmore pull-left\" href=\"https:\/\/2bazores.com\/fr\/savourer-les-acores-est-aux-2b-restaurant-snack-bar\/\">Lire la suite<\/a>\n\t\t\t\t\t\t<\/div>\n\t\t\t\t\t<\/div>\n\t\t\t\t\t\t\t<\/div><\/article><\/div>[\/vc_column][\/vc_row]<\/p>\n","protected":false},"excerpt":{"rendered":"<p>[vc_row css=\u00a0\u00bb.vc_custom_1494023228042{margin-top: 0px !important;margin-bottom: 0px !important;padding-top: 80px !important;padding-bottom: 80px !important;}\u00a0\u00bb][vc_column width=\u00a0\u00bb1\/3&Prime;][vc_wp_categories][\/vc_column][vc_column width=\u00a0\u00bb2\/3&Prime;][\/vc_column][\/vc_row]<\/p>\n","protected":false},"author":1,"featured_media":12051,"parent":0,"menu_order":0,"comment_status":"closed","ping_status":"closed","template":"","meta":[],"acf":[],"yoast_head":"<!-- This site is optimized with the Yoast SEO plugin v19.0 - https:\/\/yoast.com\/wordpress\/plugins\/seo\/ -->\n<title>Restaurant \u00e0 Ponta Delgada aux A\u00e7ores | 2B SnackBar Restaurant<\/title>\n<meta name=\"description\" content=\"Au 2B Snackbar Restaurant nous cuisinons toujours avec beaucoup d\u2019amour. Nous sommes un restaurant \u00e0 Ponta Delgada aux Acores.\" \/>\n<meta name=\"robots\" content=\"index, follow, max-snippet:-1, max-image-preview:large, max-video-preview:-1\" \/>\n<link rel=\"canonical\" href=\"https:\/\/2bazores.com\/fr\/nouvelles-restaurant-ponta-delgada-acores\/\" \/>\n<meta property=\"og:locale\" content=\"fr_FR\" \/>\n<meta property=\"og:type\" content=\"article\" \/>\n<meta property=\"og:title\" content=\"Restaurant \u00e0 Ponta Delgada aux A\u00e7ores | 2B SnackBar Restaurant\" \/>\n<meta property=\"og:description\" content=\"Au 2B Snackbar Restaurant nous cuisinons toujours avec beaucoup d\u2019amour. Nous sommes un restaurant \u00e0 Ponta Delgada aux Acores.\" \/>\n<meta property=\"og:url\" content=\"https:\/\/2bazores.com\/fr\/nouvelles-restaurant-ponta-delgada-acores\/\" \/>\n<meta property=\"og:site_name\" content=\"2B Restaurante Snack Bar\" \/>\n<meta property=\"article:modified_time\" content=\"2022-08-11T16:07:23+00:00\" \/>\n<meta property=\"og:image\" content=\"https:\/\/2bazores.com\/wp-content\/uploads\/2022\/05\/dsc09989-scaled.jpg\" \/>\n\t<meta property=\"og:image:width\" content=\"2560\" \/>\n\t<meta property=\"og:image:height\" content=\"1707\" \/>\n\t<meta property=\"og:image:type\" content=\"image\/jpeg\" \/>\n<meta name=\"twitter:card\" content=\"summary_large_image\" \/>\n<script type=\"application\/ld+json\" class=\"yoast-schema-graph\">{\"@context\":\"https:\/\/schema.org\",\"@graph\":[{\"@type\":\"Organization\",\"@id\":\"https:\/\/2bazores.com\/#organization\",\"name\":\"2B Restaurante Snack Bar\",\"url\":\"https:\/\/2bazores.com\/\",\"sameAs\":[],\"logo\":{\"@type\":\"ImageObject\",\"inLanguage\":\"fr-FR\",\"@id\":\"https:\/\/2bazores.com\/#\/schema\/logo\/image\/\",\"url\":\"https:\/\/2bazores.com\/wp-content\/uploads\/2022\/10\/2b-horizontal-header-2.png\",\"contentUrl\":\"https:\/\/2bazores.com\/wp-content\/uploads\/2022\/10\/2b-horizontal-header-2.png\",\"width\":306,\"height\":55,\"caption\":\"2B Restaurante Snack Bar\"},\"image\":{\"@id\":\"https:\/\/2bazores.com\/#\/schema\/logo\/image\/\"}},{\"@type\":\"WebSite\",\"@id\":\"https:\/\/2bazores.com\/#website\",\"url\":\"https:\/\/2bazores.com\/\",\"name\":\"2B Restaurante Snack Bar\",\"description\":\"2B Azores Restaurante\",\"publisher\":{\"@id\":\"https:\/\/2bazores.com\/#organization\"},\"potentialAction\":[{\"@type\":\"SearchAction\",\"target\":{\"@type\":\"EntryPoint\",\"urlTemplate\":\"https:\/\/2bazores.com\/?s={search_term_string}\"},\"query-input\":\"required name=search_term_string\"}],\"inLanguage\":\"fr-FR\"},{\"@type\":\"ImageObject\",\"inLanguage\":\"fr-FR\",\"@id\":\"https:\/\/2bazores.com\/fr\/nouvelles-restaurant-ponta-delgada-acores\/#primaryimage\",\"url\":\"https:\/\/2bazores.com\/wp-content\/uploads\/2022\/05\/dsc09989-scaled.jpg\",\"contentUrl\":\"https:\/\/2bazores.com\/wp-content\/uploads\/2022\/05\/dsc09989-scaled.jpg\",\"width\":2560,\"height\":1707,\"caption\":\"restaurant ponta delgada acores\"},{\"@type\":\"WebPage\",\"@id\":\"https:\/\/2bazores.com\/fr\/nouvelles-restaurant-ponta-delgada-acores\/#webpage\",\"url\":\"https:\/\/2bazores.com\/fr\/nouvelles-restaurant-ponta-delgada-acores\/\",\"name\":\"Restaurant \u00e0 Ponta Delgada aux A\u00e7ores | 2B SnackBar Restaurant\",\"isPartOf\":{\"@id\":\"https:\/\/2bazores.com\/#website\"},\"primaryImageOfPage\":{\"@id\":\"https:\/\/2bazores.com\/fr\/nouvelles-restaurant-ponta-delgada-acores\/#primaryimage\"},\"datePublished\":\"2017-05-05T22:23:04+00:00\",\"dateModified\":\"2022-08-11T16:07:23+00:00\",\"description\":\"Au 2B Snackbar Restaurant nous cuisinons toujours avec beaucoup d\u2019amour. Nous sommes un restaurant \u00e0 Ponta Delgada aux Acores.\",\"breadcrumb\":{\"@id\":\"https:\/\/2bazores.com\/fr\/nouvelles-restaurant-ponta-delgada-acores\/#breadcrumb\"},\"inLanguage\":\"fr-FR\",\"potentialAction\":[{\"@type\":\"ReadAction\",\"target\":[\"https:\/\/2bazores.com\/fr\/nouvelles-restaurant-ponta-delgada-acores\/\"]}]},{\"@type\":\"BreadcrumbList\",\"@id\":\"https:\/\/2bazores.com\/fr\/nouvelles-restaurant-ponta-delgada-acores\/#breadcrumb\",\"itemListElement\":[{\"@type\":\"ListItem\",\"position\":1,\"name\":\"Home\",\"item\":\"https:\/\/2bazores.com\/fr\/\"},{\"@type\":\"ListItem\",\"position\":2,\"name\":\"Nouvelles\"}]}]}<\/script>\n<!-- \/ Yoast SEO plugin. -->","yoast_head_json":{"title":"Restaurant \u00e0 Ponta Delgada aux A\u00e7ores | 2B SnackBar Restaurant","description":"Au 2B Snackbar Restaurant nous cuisinons toujours avec beaucoup d\u2019amour. Nous sommes un restaurant \u00e0 Ponta Delgada aux Acores.","robots":{"index":"index","follow":"follow","max-snippet":"max-snippet:-1","max-image-preview":"max-image-preview:large","max-video-preview":"max-video-preview:-1"},"canonical":"https:\/\/2bazores.com\/fr\/nouvelles-restaurant-ponta-delgada-acores\/","og_locale":"fr_FR","og_type":"article","og_title":"Restaurant \u00e0 Ponta Delgada aux A\u00e7ores | 2B SnackBar Restaurant","og_description":"Au 2B Snackbar Restaurant nous cuisinons toujours avec beaucoup d\u2019amour. Nous sommes un restaurant \u00e0 Ponta Delgada aux Acores.","og_url":"https:\/\/2bazores.com\/fr\/nouvelles-restaurant-ponta-delgada-acores\/","og_site_name":"2B Restaurante Snack Bar","article_modified_time":"2022-08-11T16:07:23+00:00","og_image":[{"width":2560,"height":1707,"url":"https:\/\/2bazores.com\/wp-content\/uploads\/2022\/05\/dsc09989-scaled.jpg","type":"image\/jpeg"}],"twitter_card":"summary_large_image","schema":{"@context":"https:\/\/schema.org","@graph":[{"@type":"Organization","@id":"https:\/\/2bazores.com\/#organization","name":"2B Restaurante Snack Bar","url":"https:\/\/2bazores.com\/","sameAs":[],"logo":{"@type":"ImageObject","inLanguage":"fr-FR","@id":"https:\/\/2bazores.com\/#\/schema\/logo\/image\/","url":"https:\/\/2bazores.com\/wp-content\/uploads\/2022\/10\/2b-horizontal-header-2.png","contentUrl":"https:\/\/2bazores.com\/wp-content\/uploads\/2022\/10\/2b-horizontal-header-2.png","width":306,"height":55,"caption":"2B Restaurante Snack Bar"},"image":{"@id":"https:\/\/2bazores.com\/#\/schema\/logo\/image\/"}},{"@type":"WebSite","@id":"https:\/\/2bazores.com\/#website","url":"https:\/\/2bazores.com\/","name":"2B Restaurante Snack Bar","description":"2B Azores Restaurante","publisher":{"@id":"https:\/\/2bazores.com\/#organization"},"potentialAction":[{"@type":"SearchAction","target":{"@type":"EntryPoint","urlTemplate":"https:\/\/2bazores.com\/?s={search_term_string}"},"query-input":"required name=search_term_string"}],"inLanguage":"fr-FR"},{"@type":"ImageObject","inLanguage":"fr-FR","@id":"https:\/\/2bazores.com\/fr\/nouvelles-restaurant-ponta-delgada-acores\/#primaryimage","url":"https:\/\/2bazores.com\/wp-content\/uploads\/2022\/05\/dsc09989-scaled.jpg","contentUrl":"https:\/\/2bazores.com\/wp-content\/uploads\/2022\/05\/dsc09989-scaled.jpg","width":2560,"height":1707,"caption":"restaurant ponta delgada acores"},{"@type":"WebPage","@id":"https:\/\/2bazores.com\/fr\/nouvelles-restaurant-ponta-delgada-acores\/#webpage","url":"https:\/\/2bazores.com\/fr\/nouvelles-restaurant-ponta-delgada-acores\/","name":"Restaurant \u00e0 Ponta Delgada aux A\u00e7ores | 2B SnackBar Restaurant","isPartOf":{"@id":"https:\/\/2bazores.com\/#website"},"primaryImageOfPage":{"@id":"https:\/\/2bazores.com\/fr\/nouvelles-restaurant-ponta-delgada-acores\/#primaryimage"},"datePublished":"2017-05-05T22:23:04+00:00","dateModified":"2022-08-11T16:07:23+00:00","description":"Au 2B Snackbar Restaurant nous cuisinons toujours avec beaucoup d\u2019amour. Nous sommes un restaurant \u00e0 Ponta Delgada aux Acores.","breadcrumb":{"@id":"https:\/\/2bazores.com\/fr\/nouvelles-restaurant-ponta-delgada-acores\/#breadcrumb"},"inLanguage":"fr-FR","potentialAction":[{"@type":"ReadAction","target":["https:\/\/2bazores.com\/fr\/nouvelles-restaurant-ponta-delgada-acores\/"]}]},{"@type":"BreadcrumbList","@id":"https:\/\/2bazores.com\/fr\/nouvelles-restaurant-ponta-delgada-acores\/#breadcrumb","itemListElement":[{"@type":"ListItem","position":1,"name":"Home","item":"https:\/\/2bazores.com\/fr\/"},{"@type":"ListItem","position":2,"name":"Nouvelles"}]}]}},"_links":{"self":[{"href":"https:\/\/2bazores.com\/fr\/wp-json\/wp\/v2\/pages\/12131"}],"collection":[{"href":"https:\/\/2bazores.com\/fr\/wp-json\/wp\/v2\/pages"}],"about":[{"href":"https:\/\/2bazores.com\/fr\/wp-json\/wp\/v2\/types\/page"}],"author":[{"embeddable":true,"href":"https:\/\/2bazores.com\/fr\/wp-json\/wp\/v2\/users\/1"}],"replies":[{"embeddable":true,"href":"https:\/\/2bazores.com\/fr\/wp-json\/wp\/v2\/comments?post=12131"}],"version-history":[{"count":3,"href":"https:\/\/2bazores.com\/fr\/wp-json\/wp\/v2\/pages\/12131\/revisions"}],"predecessor-version":[{"id":13811,"href":"https:\/\/2bazores.com\/fr\/wp-json\/wp\/v2\/pages\/12131\/revisions\/13811"}],"wp:featuredmedia":[{"embeddable":true,"href":"https:\/\/2bazores.com\/fr\/wp-json\/wp\/v2\/media\/12051"}],"wp:attachment":[{"href":"https:\/\/2bazores.com\/fr\/wp-json\/wp\/v2\/media?parent=12131"}],"curies":[{"name":"wp","href":"https:\/\/api.w.org\/{rel}","templated":true}]}}