{"id":12119,"date":"2017-05-10T14:01:00","date_gmt":"2017-05-10T14:01:00","guid":{"rendered":"https:\/\/2bazores.com\/ementa\/"},"modified":"2022-08-11T15:36:12","modified_gmt":"2022-08-11T15:36:12","slug":"menu","status":"publish","type":"page","link":"https:\/\/2bazores.com\/fr\/menu\/","title":{"rendered":"Menu"},"content":{"rendered":"<p>[vc_row css=\u00a0\u00bb.vc_custom_1654100919696{margin-top: 0px !important;margin-bottom: 0px !important;padding-top: 80px !important;padding-bottom: 40px !important;}\u00a0\u00bb][vc_column width=\u00a0\u00bb1\/6&Prime;][\/vc_column][vc_column width=\u00a0\u00bb4\/6&Prime;]<div id=\"ultimate-heading-122169f60ad747d5f\" class=\"uvc-heading ult-adjust-bottom-margin ultimate-heading-122169f60ad747d5f uvc-9922 \" data-hspacer=\"no_spacer\"  data-halign=\"center\" style=\"text-align:center\"><div class=\"uvc-heading-spacer no_spacer\" style=\"top\"><\/div><div class=\"uvc-sub-heading ult-responsive\"  data-ultimate-target='.uvc-heading.ultimate-heading-122169f60ad747d5f .uvc-sub-heading '  data-responsive-json-new='{\"font-size\":\"desktop:42px;\",\"line-height\":\"desktop:54px;\"}'  style=\"font-family:&#039;Josefin Sans&#039;;font-weight:700;color:#333333;margin-bottom:5px;\">Menu<\/div><\/div>[\/vc_column][vc_column width=\u00a0\u00bb1\/6&Prime;][\/vc_column][\/vc_row]<\/p>\n","protected":false},"excerpt":{"rendered":"<p>[vc_row css=\u00a0\u00bb.vc_custom_1654100919696{margin-top: 0px !important;margin-bottom: 0px !important;padding-top: 80px !important;padding-bottom: 40px !important;}\u00a0\u00bb][vc_column width=\u00a0\u00bb1\/6&Prime;][\/vc_column][vc_column width=\u00a0\u00bb4\/6&Prime;][\/vc_column][vc_column width=\u00a0\u00bb1\/6&Prime;][\/vc_column][\/vc_row]<\/p>\n","protected":false},"author":1,"featured_media":11949,"parent":0,"menu_order":0,"comment_status":"closed","ping_status":"closed","template":"template-ementa.php","meta":[],"acf":[],"yoast_head":"<!-- This site is optimized with the Yoast SEO plugin v19.0 - https:\/\/yoast.com\/wordpress\/plugins\/seo\/ -->\n<title>O\u00f9 Manger \u00e0 Ponta Delgada | Les Meilleurs Plats pour Vous!<\/title>\n<meta name=\"description\" content=\"Vous ne savez toujours pas o\u00f9 manger \u00e0 Ponta Delgada? Au 2B Snackbar Restaurant, nous avons plusieurs menus pour vous.\" \/>\n<meta name=\"robots\" content=\"index, follow, max-snippet:-1, max-image-preview:large, max-video-preview:-1\" \/>\n<link rel=\"canonical\" href=\"https:\/\/2bazores.com\/fr\/menu\/\" \/>\n<meta property=\"og:locale\" content=\"fr_FR\" \/>\n<meta property=\"og:type\" content=\"article\" \/>\n<meta property=\"og:title\" content=\"O\u00f9 Manger \u00e0 Ponta Delgada | Les Meilleurs Plats pour Vous!\" \/>\n<meta property=\"og:description\" content=\"Vous ne savez toujours pas o\u00f9 manger \u00e0 Ponta Delgada? Au 2B Snackbar Restaurant, nous avons plusieurs menus pour vous.\" \/>\n<meta property=\"og:url\" content=\"https:\/\/2bazores.com\/fr\/menu\/\" \/>\n<meta property=\"og:site_name\" content=\"2B Restaurante Snack Bar\" \/>\n<meta property=\"article:modified_time\" content=\"2022-08-11T15:36:12+00:00\" \/>\n<meta property=\"og:image\" content=\"https:\/\/2bazores.com\/wp-content\/uploads\/2022\/05\/dsc09906-scaled.jpg\" \/>\n\t<meta property=\"og:image:width\" content=\"2560\" \/>\n\t<meta property=\"og:image:height\" content=\"1707\" \/>\n\t<meta property=\"og:image:type\" content=\"image\/jpeg\" \/>\n<meta name=\"twitter:card\" content=\"summary_large_image\" \/>\n<meta name=\"twitter:label1\" content=\"Est. reading time\" \/>\n\t<meta name=\"twitter:data1\" content=\"1 minute\" \/>\n<script type=\"application\/ld+json\" class=\"yoast-schema-graph\">{\"@context\":\"https:\/\/schema.org\",\"@graph\":[{\"@type\":\"Organization\",\"@id\":\"https:\/\/2bazores.com\/#organization\",\"name\":\"2B Restaurante Snack Bar\",\"url\":\"https:\/\/2bazores.com\/\",\"sameAs\":[],\"logo\":{\"@type\":\"ImageObject\",\"inLanguage\":\"fr-FR\",\"@id\":\"https:\/\/2bazores.com\/#\/schema\/logo\/image\/\",\"url\":\"https:\/\/2bazores.com\/wp-content\/uploads\/2022\/10\/2b-horizontal-header-2.png\",\"contentUrl\":\"https:\/\/2bazores.com\/wp-content\/uploads\/2022\/10\/2b-horizontal-header-2.png\",\"width\":306,\"height\":55,\"caption\":\"2B Restaurante Snack Bar\"},\"image\":{\"@id\":\"https:\/\/2bazores.com\/#\/schema\/logo\/image\/\"}},{\"@type\":\"WebSite\",\"@id\":\"https:\/\/2bazores.com\/#website\",\"url\":\"https:\/\/2bazores.com\/\",\"name\":\"2B Restaurante Snack Bar\",\"description\":\"2B Azores Restaurante\",\"publisher\":{\"@id\":\"https:\/\/2bazores.com\/#organization\"},\"potentialAction\":[{\"@type\":\"SearchAction\",\"target\":{\"@type\":\"EntryPoint\",\"urlTemplate\":\"https:\/\/2bazores.com\/?s={search_term_string}\"},\"query-input\":\"required name=search_term_string\"}],\"inLanguage\":\"fr-FR\"},{\"@type\":\"ImageObject\",\"inLanguage\":\"fr-FR\",\"@id\":\"https:\/\/2bazores.com\/fr\/menu\/#primaryimage\",\"url\":\"https:\/\/2bazores.com\/wp-content\/uploads\/2022\/05\/dsc09906-scaled.jpg\",\"contentUrl\":\"https:\/\/2bazores.com\/wp-content\/uploads\/2022\/05\/dsc09906-scaled.jpg\",\"width\":2560,\"height\":1707},{\"@type\":\"WebPage\",\"@id\":\"https:\/\/2bazores.com\/fr\/menu\/#webpage\",\"url\":\"https:\/\/2bazores.com\/fr\/menu\/\",\"name\":\"O\u00f9 Manger \u00e0 Ponta Delgada | Les Meilleurs Plats pour Vous!\",\"isPartOf\":{\"@id\":\"https:\/\/2bazores.com\/#website\"},\"primaryImageOfPage\":{\"@id\":\"https:\/\/2bazores.com\/fr\/menu\/#primaryimage\"},\"datePublished\":\"2017-05-10T14:01:00+00:00\",\"dateModified\":\"2022-08-11T15:36:12+00:00\",\"description\":\"Vous ne savez toujours pas o\u00f9 manger \u00e0 Ponta Delgada? Au 2B Snackbar Restaurant, nous avons plusieurs menus pour vous.\",\"breadcrumb\":{\"@id\":\"https:\/\/2bazores.com\/fr\/menu\/#breadcrumb\"},\"inLanguage\":\"fr-FR\",\"potentialAction\":[{\"@type\":\"ReadAction\",\"target\":[\"https:\/\/2bazores.com\/fr\/menu\/\"]}]},{\"@type\":\"BreadcrumbList\",\"@id\":\"https:\/\/2bazores.com\/fr\/menu\/#breadcrumb\",\"itemListElement\":[{\"@type\":\"ListItem\",\"position\":1,\"name\":\"Home\",\"item\":\"https:\/\/2bazores.com\/fr\/\"},{\"@type\":\"ListItem\",\"position\":2,\"name\":\"Menu\"}]}]}<\/script>\n<!-- \/ Yoast SEO plugin. -->","yoast_head_json":{"title":"O\u00f9 Manger \u00e0 Ponta Delgada | Les Meilleurs Plats pour Vous!","description":"Vous ne savez toujours pas o\u00f9 manger \u00e0 Ponta Delgada? Au 2B Snackbar Restaurant, nous avons plusieurs menus pour vous.","robots":{"index":"index","follow":"follow","max-snippet":"max-snippet:-1","max-image-preview":"max-image-preview:large","max-video-preview":"max-video-preview:-1"},"canonical":"https:\/\/2bazores.com\/fr\/menu\/","og_locale":"fr_FR","og_type":"article","og_title":"O\u00f9 Manger \u00e0 Ponta Delgada | Les Meilleurs Plats pour Vous!","og_description":"Vous ne savez toujours pas o\u00f9 manger \u00e0 Ponta Delgada? Au 2B Snackbar Restaurant, nous avons plusieurs menus pour vous.","og_url":"https:\/\/2bazores.com\/fr\/menu\/","og_site_name":"2B Restaurante Snack Bar","article_modified_time":"2022-08-11T15:36:12+00:00","og_image":[{"width":2560,"height":1707,"url":"https:\/\/2bazores.com\/wp-content\/uploads\/2022\/05\/dsc09906-scaled.jpg","type":"image\/jpeg"}],"twitter_card":"summary_large_image","twitter_misc":{"Est. reading time":"1 minute"},"schema":{"@context":"https:\/\/schema.org","@graph":[{"@type":"Organization","@id":"https:\/\/2bazores.com\/#organization","name":"2B Restaurante Snack Bar","url":"https:\/\/2bazores.com\/","sameAs":[],"logo":{"@type":"ImageObject","inLanguage":"fr-FR","@id":"https:\/\/2bazores.com\/#\/schema\/logo\/image\/","url":"https:\/\/2bazores.com\/wp-content\/uploads\/2022\/10\/2b-horizontal-header-2.png","contentUrl":"https:\/\/2bazores.com\/wp-content\/uploads\/2022\/10\/2b-horizontal-header-2.png","width":306,"height":55,"caption":"2B Restaurante Snack Bar"},"image":{"@id":"https:\/\/2bazores.com\/#\/schema\/logo\/image\/"}},{"@type":"WebSite","@id":"https:\/\/2bazores.com\/#website","url":"https:\/\/2bazores.com\/","name":"2B Restaurante Snack Bar","description":"2B Azores Restaurante","publisher":{"@id":"https:\/\/2bazores.com\/#organization"},"potentialAction":[{"@type":"SearchAction","target":{"@type":"EntryPoint","urlTemplate":"https:\/\/2bazores.com\/?s={search_term_string}"},"query-input":"required name=search_term_string"}],"inLanguage":"fr-FR"},{"@type":"ImageObject","inLanguage":"fr-FR","@id":"https:\/\/2bazores.com\/fr\/menu\/#primaryimage","url":"https:\/\/2bazores.com\/wp-content\/uploads\/2022\/05\/dsc09906-scaled.jpg","contentUrl":"https:\/\/2bazores.com\/wp-content\/uploads\/2022\/05\/dsc09906-scaled.jpg","width":2560,"height":1707},{"@type":"WebPage","@id":"https:\/\/2bazores.com\/fr\/menu\/#webpage","url":"https:\/\/2bazores.com\/fr\/menu\/","name":"O\u00f9 Manger \u00e0 Ponta Delgada | Les Meilleurs Plats pour Vous!","isPartOf":{"@id":"https:\/\/2bazores.com\/#website"},"primaryImageOfPage":{"@id":"https:\/\/2bazores.com\/fr\/menu\/#primaryimage"},"datePublished":"2017-05-10T14:01:00+00:00","dateModified":"2022-08-11T15:36:12+00:00","description":"Vous ne savez toujours pas o\u00f9 manger \u00e0 Ponta Delgada? Au 2B Snackbar Restaurant, nous avons plusieurs menus pour vous.","breadcrumb":{"@id":"https:\/\/2bazores.com\/fr\/menu\/#breadcrumb"},"inLanguage":"fr-FR","potentialAction":[{"@type":"ReadAction","target":["https:\/\/2bazores.com\/fr\/menu\/"]}]},{"@type":"BreadcrumbList","@id":"https:\/\/2bazores.com\/fr\/menu\/#breadcrumb","itemListElement":[{"@type":"ListItem","position":1,"name":"Home","item":"https:\/\/2bazores.com\/fr\/"},{"@type":"ListItem","position":2,"name":"Menu"}]}]}},"_links":{"self":[{"href":"https:\/\/2bazores.com\/fr\/wp-json\/wp\/v2\/pages\/12119"}],"collection":[{"href":"https:\/\/2bazores.com\/fr\/wp-json\/wp\/v2\/pages"}],"about":[{"href":"https:\/\/2bazores.com\/fr\/wp-json\/wp\/v2\/types\/page"}],"author":[{"embeddable":true,"href":"https:\/\/2bazores.com\/fr\/wp-json\/wp\/v2\/users\/1"}],"replies":[{"embeddable":true,"href":"https:\/\/2bazores.com\/fr\/wp-json\/wp\/v2\/comments?post=12119"}],"version-history":[{"count":2,"href":"https:\/\/2bazores.com\/fr\/wp-json\/wp\/v2\/pages\/12119\/revisions"}],"predecessor-version":[{"id":13808,"href":"https:\/\/2bazores.com\/fr\/wp-json\/wp\/v2\/pages\/12119\/revisions\/13808"}],"wp:featuredmedia":[{"embeddable":true,"href":"https:\/\/2bazores.com\/fr\/wp-json\/wp\/v2\/media\/11949"}],"wp:attachment":[{"href":"https:\/\/2bazores.com\/fr\/wp-json\/wp\/v2\/media?parent=12119"}],"curies":[{"name":"wp","href":"https:\/\/api.w.org\/{rel}","templated":true}]}}