{"id":12107,"date":"2017-05-10T14:16:04","date_gmt":"2017-05-10T14:16:04","guid":{"rendered":"https:\/\/2bazores.com\/contactos\/"},"modified":"2022-10-18T17:23:06","modified_gmt":"2022-10-18T17:23:06","slug":"contacts","status":"publish","type":"page","link":"https:\/\/2bazores.com\/fr\/contacts\/","title":{"rendered":"Contacts"},"content":{"rendered":"<p>[vc_row bg_type=\u00a0\u00bbbg_color\u00a0\u00bb bg_override=\u00a0\u00bbfull\u00a0\u00bb bg_color_value=\u00a0\u00bbrgba(213,195,160,0.1)\u00a0\u00bb css=\u00a0\u00bb.vc_custom_1653582970546{margin-top: 0px !important;margin-bottom: 0px !important;padding-top: 40px !important;padding-bottom: 40px !important;}\u00a0\u00bb el_class=\u00a0\u00bbcontactPageContactInfo\u00a0\u00bb][vc_column width=\u00a0\u00bb1\/3&Prime;]<div class=\"aio-icon-component    style_1\"><div id=\"Info-box-wrap-7776\" class=\"aio-icon-box top-icon\" style=\"\"  ><div class=\"aio-icon-top\"><div class=\"ult-just-icon-wrapper  \"><div class=\"align-icon\" style=\"text-align:center;\">\n<div class=\"aio-icon none \"  style=\"color:#d5c3a0;font-size:48px;display:inline-block;\">\n\t<i class=\"Evatheme-Icon-Fonts-thin-0322_mail_post_box\"><\/i>\n<\/div><\/div><\/div><\/div><div class=\"aio-icon-header\" ><h3 class=\"aio-icon-title ult-responsive\"  data-ultimate-target='#Info-box-wrap-7776 .aio-icon-title'  data-responsive-json-new='{\"font-size\":\"desktop:28px;\",\"line-height\":\"desktop:38px;\"}'  style=\"font-family:&#039;Josefin Sans&#039;;color:#d5c3a0;\">Adresse<\/h3><\/div> <!-- header --><div class=\"aio-icon-description ult-responsive\"  data-ultimate-target='#Info-box-wrap-7776 .aio-icon-description'  data-responsive-json-new='{\"font-size\":\"desktop:18px;\",\"line-height\":\"desktop:28px;\"}'  style=\"font-family:&#039;Open Sans&#039;;font-weight:300;color:#333333;\">Rua Conselheiro Dr. Luis Bettencourt Medeiros, n\u00ba 2B<br \/>\n9500-058 Ponta Delgada<\/div> <!-- description --><\/div> <!-- aio-icon-box --><\/div> <!-- aio-icon-component -->[\/vc_column][vc_column width=\u00a0\u00bb1\/3&Prime;]<div class=\"aio-icon-component    style_1\"><div id=\"Info-box-wrap-4889\" class=\"aio-icon-box top-icon\" style=\"\"  ><div class=\"aio-icon-top\"><div class=\"ult-just-icon-wrapper  \"><div class=\"align-icon\" style=\"text-align:center;\">\n<div class=\"aio-icon none \"  style=\"color:#d5c3a0;font-size:48px;display:inline-block;\">\n\t<i class=\"Evatheme-Icon-Fonts-thin-0286_mobile_message_sms\"><\/i>\n<\/div><\/div><\/div><\/div><div class=\"aio-icon-header\" ><h3 class=\"aio-icon-title ult-responsive\"  data-ultimate-target='#Info-box-wrap-4889 .aio-icon-title'  data-responsive-json-new='{\"font-size\":\"desktop:28px;\",\"line-height\":\"desktop:38px;\"}'  style=\"font-family:&#039;Josefin Sans&#039;;color:#d5c3a0;\">Contacts<\/h3><\/div> <!-- header --><div class=\"aio-icon-description ult-responsive\"  data-ultimate-target='#Info-box-wrap-4889 .aio-icon-description'  data-responsive-json-new='{\"font-size\":\"desktop:18px;\",\"line-height\":\"desktop:28px;\"}'  style=\"font-family:&#039;Open Sans&#039;;font-weight:300;color:#333333;\"><a href=\"tel:+351296281505\">+351 296 281 505<\/a><br \/>\n<a href=\"mailto:2b@sapo.pt\">2b@sapo.pt<\/a><\/div> <!-- description --><\/div> <!-- aio-icon-box --><\/div> <!-- aio-icon-component -->[\/vc_column][vc_column width=\u00a0\u00bb1\/3&Prime;]<div class=\"aio-icon-component    style_1\"><div id=\"Info-box-wrap-8811\" class=\"aio-icon-box top-icon\" style=\"\"  ><div class=\"aio-icon-top\"><div class=\"ult-just-icon-wrapper  \"><div class=\"align-icon\" style=\"text-align:center;\">\n<div class=\"aio-icon none \"  style=\"color:#d5c3a0;font-size:48px;display:inline-block;\">\n\t<i class=\"Defaults-clock-o\"><\/i>\n<\/div><\/div><\/div><\/div><div class=\"aio-icon-header\" ><h3 class=\"aio-icon-title ult-responsive\"  data-ultimate-target='#Info-box-wrap-8811 .aio-icon-title'  data-responsive-json-new='{\"font-size\":\"desktop:28px;\",\"line-height\":\"desktop:38px;\"}'  style=\"font-family:&#039;Josefin Sans&#039;;color:#d5c3a0;\">Horaire<\/h3><\/div> <!-- header --><div class=\"aio-icon-description ult-responsive\"  data-ultimate-target='#Info-box-wrap-8811 .aio-icon-description'  data-responsive-json-new='{\"font-size\":\"desktop:18px;\",\"line-height\":\"desktop:28px;\"}'  style=\"font-family:&#039;Open Sans&#039;;font-weight:300;color:#333333;\">Lundi &#8211; Vendredi: 7:00h &#8211; 22:00h<br \/>\nSamedi: 7:00h &#8211; 23:00h<br \/>\nDimanche: Ferm\u00e9<br \/>\nVacance: 11:00h &#8211; 22:00h<\/div> <!-- description --><\/div> <!-- aio-icon-box --><\/div> <!-- aio-icon-component -->[\/vc_column][\/vc_row][vc_row full_width=\u00a0\u00bbstretch_row_content_no_spaces\u00a0\u00bb css=\u00a0\u00bb.vc_custom_1653645209033{margin-top: 0px !important;margin-bottom: 0px !important;padding-top: 0px !important;padding-bottom: 0px !important;}\u00a0\u00bb el_class=\u00a0\u00bbgooglemapsRow\u00a0\u00bb][vc_column el_class=\u00a0\u00bbgooglemapsColumn\u00a0\u00bb][vc_gmaps link=\u00a0\u00bb#E-8_JTNDaWZyYW1lJTIwd2lkdGglM0QlMjI2MDAlMjIlMjBoZWlnaHQlM0QlMjIzNDAlMjIlMjBpZCUzRCUyMmdtYXBfY2FudmFzJTIyJTIwc3JjJTNEJTIyaHR0cHMlM0ElMkYlMkZtYXBzLmdvb2dsZS5jb20lMkZtYXBzJTNGcSUzRFNuYWNrJTI1MjBCYXIlMjUyMDJCJTI2dCUzRCUyNnolM0QxMyUyNmllJTNEVVRGOCUyNml3bG9jJTNEJTI2b3V0cHV0JTNEZW1iZWQlMjIlMjBmcmFtZWJvcmRlciUzRCUyMjAlMjIlMjBzY3JvbGxpbmclM0QlMjJubyUyMiUyMG1hcmdpbmhlaWdodCUzRCUyMjAlMjIlMjBtYXJnaW53aWR0aCUzRCUyMjAlMjIlM0UlM0MlMkZpZnJhbWUlM0U=\u00a0\u00bb el_class=\u00a0\u00bbgooglemapsMap\u00a0\u00bb][\/vc_column][\/vc_row][vc_row css=\u00a0\u00bb.vc_custom_1494424116852{margin-top: 0px !important;margin-bottom: 0px !important;padding-top: 80px !important;padding-bottom: 120px !important;}\u00a0\u00bb][vc_column width=\u00a0\u00bb1\/6&Prime;][\/vc_column][vc_column width=\u00a0\u00bb4\/6&Prime;]<div id=\"ultimate-heading-934569f364143748b\" class=\"uvc-heading ult-adjust-bottom-margin ultimate-heading-934569f364143748b uvc-4048 \" data-hspacer=\"no_spacer\"  data-halign=\"center\" style=\"text-align:center\"><div class=\"uvc-heading-spacer no_spacer\" style=\"top\"><\/div><div class=\"uvc-main-heading ult-responsive\"  data-ultimate-target='.uvc-heading.ultimate-heading-934569f364143748b h2'  data-responsive-json-new='{\"font-size\":\"desktop:24px;\",\"line-height\":\"desktop:34px;\"}' ><h2 style=\"font-family:&#039;Gloria Hallelujah&#039;;font-weight:bold;color:#d5c3a0;margin-bottom:5px;\">Avoir une question?<\/h2><\/div><div class=\"uvc-sub-heading ult-responsive\"  data-ultimate-target='.uvc-heading.ultimate-heading-934569f364143748b .uvc-sub-heading '  data-responsive-json-new='{\"font-size\":\"desktop:42px;\",\"line-height\":\"desktop:54px;\"}'  style=\"font-family:&#039;Josefin Sans&#039;;font-weight:700;color:#333333;margin-bottom:40px;\"><\/p>\n<div id=\"tw-target-text-container\" class=\"tw-ta-container F0azHf tw-nfl\" tabindex=\"0\">\n<p id=\"tw-target-text\" class=\"tw-data-text tw-text-large tw-ta\" dir=\"ltr\" data-placeholder=\"Tradu\u00e7\u00e3o\"><span class=\"Y2IQFc\" lang=\"fr\">Formulaire de contact<\/span><\/p>\n<\/div>\n<p><\/div><\/div>[vc_column_text css=\u00a0\u00bb.vc_custom_1660231939495{margin-top: 0px !important;margin-bottom: 0px !important;padding-top: 0px !important;padding-bottom: 40px !important;}\u00a0\u00bb]<\/p>\n<p style=\"text-align: center;\">Contactez-nous pour plus d&rsquo;informations!<\/p>\n<p>[\/vc_column_text]<div role=\"form\" class=\"wpcf7\" id=\"wpcf7-f12081-o1\" lang=\"fr-FR\" dir=\"ltr\">\n<div class=\"screen-reader-response\"><p role=\"status\" aria-live=\"polite\" aria-atomic=\"true\"><\/p> <ul><\/ul><\/div>\n<form action=\"\/fr\/wp-json\/wp\/v2\/pages\/12107#wpcf7-f12081-o1\" method=\"post\" class=\"wpcf7-form init\" novalidate=\"novalidate\" data-status=\"init\">\n<div style=\"display: none;\">\n<input type=\"hidden\" name=\"_wpcf7\" value=\"12081\" \/>\n<input type=\"hidden\" name=\"_wpcf7_version\" value=\"5.5.6.1\" \/>\n<input type=\"hidden\" name=\"_wpcf7_locale\" value=\"fr_FR\" \/>\n<input type=\"hidden\" name=\"_wpcf7_unit_tag\" value=\"wpcf7-f12081-o1\" \/>\n<input type=\"hidden\" name=\"_wpcf7_container_post\" value=\"0\" \/>\n<input type=\"hidden\" name=\"_wpcf7_posted_data_hash\" value=\"\" \/>\n<input type=\"hidden\" name=\"_wpcf7_recaptcha_response\" value=\"\" \/>\n<\/div>\n<div class=\"cstheme_contactform_type9\">\n<div class=\"clearfix contactformFields\"><span class=\"wpcf7-form-control-wrap your-name\"><input type=\"text\" name=\"your-name\" value=\"\" size=\"40\" class=\"wpcf7-form-control wpcf7-text wpcf7-validates-as-required\" aria-required=\"true\" aria-invalid=\"false\" placeholder=\"Nom\" \/><\/span><span class=\"wpcf7-form-control-wrap your-email\"><input type=\"email\" name=\"your-email\" value=\"\" size=\"40\" class=\"wpcf7-form-control wpcf7-text wpcf7-email wpcf7-validates-as-required wpcf7-validates-as-email\" aria-required=\"true\" aria-invalid=\"false\" placeholder=\"E-mail\" \/><\/span><\/div>\n<p><span class=\"wpcf7-form-control-wrap your-message\"><textarea name=\"your-message\" cols=\"40\" rows=\"10\" class=\"wpcf7-form-control wpcf7-textarea wpcf7-validates-as-required\" aria-required=\"true\" aria-invalid=\"false\" placeholder=\"Message\"><\/textarea><\/span><br \/>\n<span class=\"wpcf7-form-control-wrap acceptance-338\"><span class=\"wpcf7-form-control wpcf7-acceptance\"><span class=\"wpcf7-list-item\"><label><input type=\"checkbox\" name=\"acceptance-338\" value=\"1\" aria-invalid=\"false\" \/><span class=\"wpcf7-list-item-label\">J'ai lu et j'accepte le <a href=\"https:\/\/2bazores.com\/fr\/termes-et-conditions\/\" target=\"_blank\">Termes et conditions<\/a> et le <a href=\"https:\/\/2bazores.com\/fr\/politique-de-confidentialite\/\" target=\"_blank\">Politique de confidentialit\u00e9<\/a>.<\/span><\/label><\/span><\/span><\/span><\/p>\n<div class=\"text-center\"><input type=\"submit\" value=\"ENVOYER LE MESSAGE\" class=\"wpcf7-form-control has-spinner wpcf7-submit\" \/><\/div>\n<\/div>\n<div class=\"wpcf7-response-output\" aria-hidden=\"true\"><\/div><\/form><\/div>[\/vc_column][vc_column width=\u00a0\u00bb1\/6&Prime;][\/vc_column][\/vc_row][vc_section][vc_row bg_type=\u00a0\u00bbimage\u00a0\u00bb parallax_style=\u00a0\u00bbvcpb-vz-jquery\u00a0\u00bb bg_image_new=\u00a0\u00bbid^11024|url^https:\/\/2bazores.com\/wp-content\/uploads\/2022\/05\/dsc09986-scaled.jpg|caption^null|alt^null|title^DSC09986|description^null\u00a0\u00bb bg_image_repeat=\u00a0\u00bbno-repeat\u00a0\u00bb bg_override=\u00a0\u00bbfull\u00a0\u00bb el_class=\u00a0\u00bbnewsletterContactPageRow\u00a0\u00bb][vc_column][vc_raw_html]JTNDaDQlM0VBYm9ubmV6LXZvdXMlMjAlQzMlQTAlMjBub3RyZSUyMG5ld3NsZXR0ZXIlM0MlMkZoNCUzRSUwQSUzQ2Zvcm0lMjBpZCUzRCUyMm5ld19zdWJzY3JpYmVyJTIyJTIwYWN0aW9uJTNEJTIyaHR0cHMlM0ElMkYlMkYyYmF6b3Jlcy5pcHptYXJrZXRpbmcuY29tJTJGZiUyRnZVanJxVTJDR2RzJTIyJTIwYWNjZXB0LWNoYXJzZXQlM0QlMjJVVEYtOCUyMiUyMG1ldGhvZCUzRCUyMnBvc3QlMjIlM0UlMEElM0NkaXYlMjBjbGFzcyUzRCUyMm5ld3NsZXR0ZXIlMjIlM0UlM0NpbnB1dCUyMGNsYXNzJTNEJTIyZW1haWxOZXdzbGV0dGVyJTIyJTIwbmFtZSUzRCUyMnN1YnNjcmliZXIlNUJlbWFpbCU1RCUyMiUyMGlkJTNEJTIyc3Vic2NyaWJlcl9lbWFpbCUyMiUyMHJlcXVpcmVkJTNEJTIyJTIyJTIwdHlwZSUzRCUyMmVtYWlsJTIyJTIwcGxhY2Vob2xkZXIlM0QlMjJFbWFpbCUyMCUyQSUyMiUyMCUyRiUzRSUzQ2xhYmVsJTIwY2xhc3MlM0QlMjJ0ZXh0TmV3c2xldHRlciUyMiUzRSUzQ2lucHV0JTIwY2hlY2tlZCUzRCUyMmNoZWNrZWQlMjIlMjBuYW1lJTNEJTIyc3Vic2NyaWJlJTIyJTIwcmVxdWlyZWQlM0QlMjIlMjIlMjB0eXBlJTNEJTIyY2hlY2tib3glMjIlMjAlMkYlM0UlMjBKJTI3YWklMjBsdSUyMGV0JTIwaiUyN2FjY2VwdGUlMjBsZSUyMCUzQ2ElMjBocmVmJTNEJTIyaHR0cCUzQSUyRiUyRmRldi5hY29yZXNwcm8uY29tJTJGc25hY2tiYXIyYl8yJTJGZnIlMkZ0ZXJtZXMtZXQtY29uZGl0aW9ucyUyRiUyMiUyMHRhcmdldCUzRCUyMl9ibGFuayUyMiUzRVRlcm1lcyUyMGV0JTIwY29uZGl0aW9ucyUzQyUyRmElM0UlMjBldCUyMGxlJTIwJTNDYSUyMGhyZWYlM0QlMjJodHRwJTNBJTJGJTJGZGV2LmFjb3Jlc3Byby5jb20lMkZzbmFja2JhcjJiXzIlMkZmciUyRnBvbGl0aXF1ZS1kZS1jb25maWRlbnRpYWxpdGUlMkYlMjIlMjB0YXJnZXQlM0QlMjJfYmxhbmslMjIlM0VQb2xpdGlxdWUlMjBkZSUyMGNvbmZpZGVudGlhbGl0JUMzJUE5JTNDJTJGYSUzRS4lMEElM0MlMkZsYWJlbCUzRSUwQSUzQ2lucHV0JTIwY2xhc3MlM0QlMjJidG5OZXdzbGV0dGVyJTIyJTIwdHlwZSUzRCUyMnN1Ym1pdCUyMiUyMHZhbHVlJTNEJTIyUyUyN0FCT05ORVIlMjIlMjAlMkYlM0UlM0MlMkZkaXYlM0UlMEElM0MlMkZmb3JtJTNF[\/vc_raw_html][\/vc_column][\/vc_row][\/vc_section]<\/p>\n","protected":false},"excerpt":{"rendered":"<p>[vc_row bg_type=\u00a0\u00bbbg_color\u00a0\u00bb bg_override=\u00a0\u00bbfull\u00a0\u00bb bg_color_value=\u00a0\u00bbrgba(213,195,160,0.1)\u00a0\u00bb css=\u00a0\u00bb.vc_custom_1653582970546{margin-top: 0px !important;margin-bottom: 0px !important;padding-top: 40px !important;padding-bottom: 40px !important;}\u00a0\u00bb el_class=\u00a0\u00bbcontactPageContactInfo\u00a0\u00bb][vc_column width=\u00a0\u00bb1\/3&Prime;][\/vc_column][vc_column width=\u00a0\u00bb1\/3&Prime;][\/vc_column][vc_column width=\u00a0\u00bb1\/3&Prime;][\/vc_column][\/vc_row][vc_row full_width=\u00a0\u00bbstretch_row_content_no_spaces\u00a0\u00bb css=\u00a0\u00bb.vc_custom_1653645209033{margin-top: 0px !important;margin-bottom: 0px !important;padding-top: 0px !important;padding-bottom: 0px !important;}\u00a0\u00bb el_class=\u00a0\u00bbgooglemapsRow\u00a0\u00bb][vc_column el_class=\u00a0\u00bbgooglemapsColumn\u00a0\u00bb][vc_gmaps link=\u00a0\u00bb#E-8_JTNDaWZyYW1lJTIwd2lkdGglM0QlMjI2MDAlMjIlMjBoZWlnaHQlM0QlMjIzNDAlMjIlMjBpZCUzRCUyMmdtYXBfY2FudmFzJTIyJTIwc3JjJTNEJTIyaHR0cHMlM0ElMkYlMkZtYXBzLmdvb2dsZS5jb20lMkZtYXBzJTNGcSUzRFNuYWNrJTI1MjBCYXIlMjUyMDJCJTI2dCUzRCUyNnolM0QxMyUyNmllJTNEVVRGOCUyNml3bG9jJTNEJTI2b3V0cHV0JTNEZW1iZWQlMjIlMjBmcmFtZWJvcmRlciUzRCUyMjAlMjIlMjBzY3JvbGxpbmclM0QlMjJubyUyMiUyMG1hcmdpbmhlaWdodCUzRCUyMjAlMjIlMjBtYXJnaW53aWR0aCUzRCUyMjAlMjIlM0UlM0MlMkZpZnJhbWUlM0U=\u00a0\u00bb el_class=\u00a0\u00bbgooglemapsMap\u00a0\u00bb][\/vc_column][\/vc_row][vc_row css=\u00a0\u00bb.vc_custom_1494424116852{margin-top: 0px !important;margin-bottom: 0px !important;padding-top: 80px !important;padding-bottom: 120px !important;}\u00a0\u00bb][vc_column width=\u00a0\u00bb1\/6&Prime;][\/vc_column][vc_column width=\u00a0\u00bb4\/6&Prime;][vc_column_text css=\u00a0\u00bb.vc_custom_1660231939495{margin-top: 0px !important;margin-bottom: 0px !important;padding-top: 0px !important;padding-bottom: 40px !important;}\u00a0\u00bb] Contactez-nous pour plus d&rsquo;informations! [&hellip;]<\/p>\n","protected":false},"author":1,"featured_media":11937,"parent":0,"menu_order":0,"comment_status":"closed","ping_status":"closed","template":"","meta":[],"acf":[],"yoast_head":"<!-- This site is optimized with the Yoast SEO plugin v19.0 - https:\/\/yoast.com\/wordpress\/plugins\/seo\/ -->\n<title>Restaurant \u00e0 Ponta Delgada | Les Meilleurs Plats des A\u00e7ores pour Vous!<\/title>\n<meta name=\"description\" content=\"Vous \u00eates \u00e0 Ponta Delgada et vous ne savez pas quel est le meilleur restaurant \u00e0 manger? Nous sommes le choix id\u00e9al pour vous.\" \/>\n<meta name=\"robots\" content=\"index, follow, max-snippet:-1, max-image-preview:large, max-video-preview:-1\" \/>\n<link rel=\"canonical\" href=\"https:\/\/2bazores.com\/fr\/contacts\/\" \/>\n<meta property=\"og:locale\" content=\"fr_FR\" \/>\n<meta property=\"og:type\" content=\"article\" \/>\n<meta property=\"og:title\" content=\"Restaurant \u00e0 Ponta Delgada | Les Meilleurs Plats des A\u00e7ores pour Vous!\" \/>\n<meta property=\"og:description\" content=\"Vous \u00eates \u00e0 Ponta Delgada et vous ne savez pas quel est le meilleur restaurant \u00e0 manger? Nous sommes le choix id\u00e9al pour vous.\" \/>\n<meta property=\"og:url\" content=\"https:\/\/2bazores.com\/fr\/contacts\/\" \/>\n<meta property=\"og:site_name\" content=\"2B Restaurante Snack Bar\" \/>\n<meta property=\"article:modified_time\" content=\"2022-10-18T17:23:06+00:00\" \/>\n<meta property=\"og:image\" content=\"https:\/\/2bazores.com\/wp-content\/uploads\/2022\/05\/dsc00445-scaled.jpg\" \/>\n\t<meta property=\"og:image:width\" content=\"2560\" \/>\n\t<meta property=\"og:image:height\" content=\"1707\" \/>\n\t<meta property=\"og:image:type\" content=\"image\/jpeg\" \/>\n<meta name=\"twitter:card\" content=\"summary_large_image\" \/>\n<meta name=\"twitter:label1\" content=\"Est. reading time\" \/>\n\t<meta name=\"twitter:data1\" content=\"1 minute\" \/>\n<script type=\"application\/ld+json\" class=\"yoast-schema-graph\">{\"@context\":\"https:\/\/schema.org\",\"@graph\":[{\"@type\":\"Organization\",\"@id\":\"https:\/\/2bazores.com\/#organization\",\"name\":\"2B Restaurante Snack Bar\",\"url\":\"https:\/\/2bazores.com\/\",\"sameAs\":[],\"logo\":{\"@type\":\"ImageObject\",\"inLanguage\":\"fr-FR\",\"@id\":\"https:\/\/2bazores.com\/#\/schema\/logo\/image\/\",\"url\":\"https:\/\/2bazores.com\/wp-content\/uploads\/2022\/10\/2b-horizontal-header-2.png\",\"contentUrl\":\"https:\/\/2bazores.com\/wp-content\/uploads\/2022\/10\/2b-horizontal-header-2.png\",\"width\":306,\"height\":55,\"caption\":\"2B Restaurante Snack Bar\"},\"image\":{\"@id\":\"https:\/\/2bazores.com\/#\/schema\/logo\/image\/\"}},{\"@type\":\"WebSite\",\"@id\":\"https:\/\/2bazores.com\/#website\",\"url\":\"https:\/\/2bazores.com\/\",\"name\":\"2B Restaurante Snack Bar\",\"description\":\"2B Azores Restaurante\",\"publisher\":{\"@id\":\"https:\/\/2bazores.com\/#organization\"},\"potentialAction\":[{\"@type\":\"SearchAction\",\"target\":{\"@type\":\"EntryPoint\",\"urlTemplate\":\"https:\/\/2bazores.com\/?s={search_term_string}\"},\"query-input\":\"required name=search_term_string\"}],\"inLanguage\":\"fr-FR\"},{\"@type\":\"ImageObject\",\"inLanguage\":\"fr-FR\",\"@id\":\"https:\/\/2bazores.com\/fr\/contacts\/#primaryimage\",\"url\":\"https:\/\/2bazores.com\/wp-content\/uploads\/2022\/05\/dsc00445-scaled.jpg\",\"contentUrl\":\"https:\/\/2bazores.com\/wp-content\/uploads\/2022\/05\/dsc00445-scaled.jpg\",\"width\":2560,\"height\":1707,\"caption\":\"Ponta Delgada restaurantes\"},{\"@type\":\"WebPage\",\"@id\":\"https:\/\/2bazores.com\/fr\/contacts\/#webpage\",\"url\":\"https:\/\/2bazores.com\/fr\/contacts\/\",\"name\":\"Restaurant \u00e0 Ponta Delgada | Les Meilleurs Plats des A\u00e7ores pour Vous!\",\"isPartOf\":{\"@id\":\"https:\/\/2bazores.com\/#website\"},\"primaryImageOfPage\":{\"@id\":\"https:\/\/2bazores.com\/fr\/contacts\/#primaryimage\"},\"datePublished\":\"2017-05-10T14:16:04+00:00\",\"dateModified\":\"2022-10-18T17:23:06+00:00\",\"description\":\"Vous \u00eates \u00e0 Ponta Delgada et vous ne savez pas quel est le meilleur restaurant \u00e0 manger? Nous sommes le choix id\u00e9al pour vous.\",\"breadcrumb\":{\"@id\":\"https:\/\/2bazores.com\/fr\/contacts\/#breadcrumb\"},\"inLanguage\":\"fr-FR\",\"potentialAction\":[{\"@type\":\"ReadAction\",\"target\":[\"https:\/\/2bazores.com\/fr\/contacts\/\"]}]},{\"@type\":\"BreadcrumbList\",\"@id\":\"https:\/\/2bazores.com\/fr\/contacts\/#breadcrumb\",\"itemListElement\":[{\"@type\":\"ListItem\",\"position\":1,\"name\":\"Home\",\"item\":\"https:\/\/2bazores.com\/fr\/\"},{\"@type\":\"ListItem\",\"position\":2,\"name\":\"Contacts\"}]}]}<\/script>\n<!-- \/ Yoast SEO plugin. -->","yoast_head_json":{"title":"Restaurant \u00e0 Ponta Delgada | Les Meilleurs Plats des A\u00e7ores pour Vous!","description":"Vous \u00eates \u00e0 Ponta Delgada et vous ne savez pas quel est le meilleur restaurant \u00e0 manger? Nous sommes le choix id\u00e9al pour vous.","robots":{"index":"index","follow":"follow","max-snippet":"max-snippet:-1","max-image-preview":"max-image-preview:large","max-video-preview":"max-video-preview:-1"},"canonical":"https:\/\/2bazores.com\/fr\/contacts\/","og_locale":"fr_FR","og_type":"article","og_title":"Restaurant \u00e0 Ponta Delgada | Les Meilleurs Plats des A\u00e7ores pour Vous!","og_description":"Vous \u00eates \u00e0 Ponta Delgada et vous ne savez pas quel est le meilleur restaurant \u00e0 manger? Nous sommes le choix id\u00e9al pour vous.","og_url":"https:\/\/2bazores.com\/fr\/contacts\/","og_site_name":"2B Restaurante Snack Bar","article_modified_time":"2022-10-18T17:23:06+00:00","og_image":[{"width":2560,"height":1707,"url":"https:\/\/2bazores.com\/wp-content\/uploads\/2022\/05\/dsc00445-scaled.jpg","type":"image\/jpeg"}],"twitter_card":"summary_large_image","twitter_misc":{"Est. reading time":"1 minute"},"schema":{"@context":"https:\/\/schema.org","@graph":[{"@type":"Organization","@id":"https:\/\/2bazores.com\/#organization","name":"2B Restaurante Snack Bar","url":"https:\/\/2bazores.com\/","sameAs":[],"logo":{"@type":"ImageObject","inLanguage":"fr-FR","@id":"https:\/\/2bazores.com\/#\/schema\/logo\/image\/","url":"https:\/\/2bazores.com\/wp-content\/uploads\/2022\/10\/2b-horizontal-header-2.png","contentUrl":"https:\/\/2bazores.com\/wp-content\/uploads\/2022\/10\/2b-horizontal-header-2.png","width":306,"height":55,"caption":"2B Restaurante Snack Bar"},"image":{"@id":"https:\/\/2bazores.com\/#\/schema\/logo\/image\/"}},{"@type":"WebSite","@id":"https:\/\/2bazores.com\/#website","url":"https:\/\/2bazores.com\/","name":"2B Restaurante Snack Bar","description":"2B Azores Restaurante","publisher":{"@id":"https:\/\/2bazores.com\/#organization"},"potentialAction":[{"@type":"SearchAction","target":{"@type":"EntryPoint","urlTemplate":"https:\/\/2bazores.com\/?s={search_term_string}"},"query-input":"required name=search_term_string"}],"inLanguage":"fr-FR"},{"@type":"ImageObject","inLanguage":"fr-FR","@id":"https:\/\/2bazores.com\/fr\/contacts\/#primaryimage","url":"https:\/\/2bazores.com\/wp-content\/uploads\/2022\/05\/dsc00445-scaled.jpg","contentUrl":"https:\/\/2bazores.com\/wp-content\/uploads\/2022\/05\/dsc00445-scaled.jpg","width":2560,"height":1707,"caption":"Ponta Delgada restaurantes"},{"@type":"WebPage","@id":"https:\/\/2bazores.com\/fr\/contacts\/#webpage","url":"https:\/\/2bazores.com\/fr\/contacts\/","name":"Restaurant \u00e0 Ponta Delgada | Les Meilleurs Plats des A\u00e7ores pour Vous!","isPartOf":{"@id":"https:\/\/2bazores.com\/#website"},"primaryImageOfPage":{"@id":"https:\/\/2bazores.com\/fr\/contacts\/#primaryimage"},"datePublished":"2017-05-10T14:16:04+00:00","dateModified":"2022-10-18T17:23:06+00:00","description":"Vous \u00eates \u00e0 Ponta Delgada et vous ne savez pas quel est le meilleur restaurant \u00e0 manger? Nous sommes le choix id\u00e9al pour vous.","breadcrumb":{"@id":"https:\/\/2bazores.com\/fr\/contacts\/#breadcrumb"},"inLanguage":"fr-FR","potentialAction":[{"@type":"ReadAction","target":["https:\/\/2bazores.com\/fr\/contacts\/"]}]},{"@type":"BreadcrumbList","@id":"https:\/\/2bazores.com\/fr\/contacts\/#breadcrumb","itemListElement":[{"@type":"ListItem","position":1,"name":"Home","item":"https:\/\/2bazores.com\/fr\/"},{"@type":"ListItem","position":2,"name":"Contacts"}]}]}},"_links":{"self":[{"href":"https:\/\/2bazores.com\/fr\/wp-json\/wp\/v2\/pages\/12107"}],"collection":[{"href":"https:\/\/2bazores.com\/fr\/wp-json\/wp\/v2\/pages"}],"about":[{"href":"https:\/\/2bazores.com\/fr\/wp-json\/wp\/v2\/types\/page"}],"author":[{"embeddable":true,"href":"https:\/\/2bazores.com\/fr\/wp-json\/wp\/v2\/users\/1"}],"replies":[{"embeddable":true,"href":"https:\/\/2bazores.com\/fr\/wp-json\/wp\/v2\/comments?post=12107"}],"version-history":[{"count":9,"href":"https:\/\/2bazores.com\/fr\/wp-json\/wp\/v2\/pages\/12107\/revisions"}],"predecessor-version":[{"id":14394,"href":"https:\/\/2bazores.com\/fr\/wp-json\/wp\/v2\/pages\/12107\/revisions\/14394"}],"wp:featuredmedia":[{"embeddable":true,"href":"https:\/\/2bazores.com\/fr\/wp-json\/wp\/v2\/media\/11937"}],"wp:attachment":[{"href":"https:\/\/2bazores.com\/fr\/wp-json\/wp\/v2\/media?parent=12107"}],"curies":[{"name":"wp","href":"https:\/\/api.w.org\/{rel}","templated":true}]}}