{"id":12164,"date":"2022-05-27T13:05:40","date_gmt":"2022-05-27T13:05:40","guid":{"rendered":"https:\/\/2bazores.com\/termos-e-condicoes\/"},"modified":"2022-06-27T08:28:42","modified_gmt":"2022-06-27T08:28:42","slug":"terminos-y-condiciones","status":"publish","type":"page","link":"https:\/\/2bazores.com\/es\/terminos-y-condiciones\/","title":{"rendered":"T\u00e9rminos y Condiciones"},"content":{"rendered":"<p>[vc_row][vc_column][vc_column_text]<\/p>\n<h3><strong>Condi\u00e7\u00f5es gerais<\/strong><\/h3>\n<h2><strong>Termos e condi\u00e7\u00f5es<\/strong><\/h2>\n<ol>\n<li>Todos os \u201ctermos e condi\u00e7\u00f5es\u201d da loja online WWW.XPTO.COM da empresa XPTO, LDA., com sede Rua Jo\u00e3o n.\u00ba 505, Arrifes, Ponta Delgada, pessoa coletiva n\u00b0 123 123 123, que \u00e9 tamb\u00e9m o seu n\u00famero de matr\u00edcula na Conservat\u00f3ria do Registo Comercial de Ponta Delgada, com o capital social de 50.000,00 \u20ac, aplicam-se a todos os equipamentos\/produtor\/servi\u00e7os encomendados neste site.<\/li>\n<li>O cliente dever\u00e1 ler atentamente os \u201ctermos e condi\u00e7\u00f5es\u201d cada vez que aceder ao site.<\/li>\n<\/ol>\n<p><strong>Produtos e pre\u00e7os<\/strong><\/p>\n<ol start=\"3\">\n<li>A empresa ____________________________ oferece, atrav\u00e9s da loja online, uma vasta gama de produtos para venda.<\/li>\n<li>A oferta referente a cada um dos produtos \u00e9 limitada ao stock existente.<\/li>\n<li>A empresa reserva-se o direito de, a qualquer momento e sem notifica\u00e7\u00e3o pr\u00e9via, substituir ou modificar os produtos dispon\u00edveis, os respetivos pre\u00e7os e as condi\u00e7\u00f5es apresentadas.<\/li>\n<li>Caso o cliente continue a aceder ao site, considerar-se-\u00e1 que aceitou tais altera\u00e7\u00f5es.<\/li>\n<li>Todos os pre\u00e7os incluem iva \u00e0 taxa legal em vigor na Regi\u00e3o Aut\u00f3noma dos A\u00e7ores.<\/li>\n<li>Os pre\u00e7os s\u00e3o sempre apresentados em euros.<\/li>\n<li>As imagens apresentadas podem n\u00e3o corresponder exatamente ao produto apresentado. Por quest\u00f5es t\u00e9cnicas, as cores apresentadas podem tamb\u00e9m deferir ligeiramente das cores reais.<\/li>\n<li>Em casos muito pontuais, as descri\u00e7\u00f5es podem apresentar erros e, por isso, a descri\u00e7\u00e3o no fabricante dever\u00e1 tamb\u00e9m ser consultada.<\/li>\n<li>Os produtos \u201cpor encomenda\u201d demoram, em m\u00e9dia, at\u00e9 duas semanas, mas existem produtos espec\u00edficos ou que por rotura de stock que podem demorar mais tempo.<\/li>\n<li>Pre\u00e7os e especifica\u00e7\u00f5es sujeitos a altera\u00e7\u00e3o sem aviso pr\u00e9vio.<\/li>\n<li>A empresa declina qualquer responsabilidade por eventuais erros publicados no site.<\/li>\n<li>O peso de cada um dos produtos n\u00e3o corresponde ao valor correto, mas sim ao valor aproximado.<\/li>\n<\/ol>\n<p><strong>Pedidos de encomenda<\/strong><\/p>\n<ol start=\"15\">\n<li>As encomendas na loja online podem ser feitas 24 horas por dia, 7 dias por semana, salvo em casos de falha por for\u00e7a maior.<\/li>\n<li>Enquanto navegar na loja online, poder\u00e1 adicionar ao carrinho de compras, carregando no bot\u00e3o \u201ccomprar\u201d.<\/li>\n<li>Quando terminar a sele\u00e7\u00e3o dos produtos, poder\u00e1 selecionar a op\u00e7\u00e3o, no topo do site, \u201cx produtos\u201d \/ \u201cCarrinho\u201d, para efetuar e completar a compra.<\/li>\n<li>No campo \u201cportes\u201d poder\u00e1 optar pelo levantamento na nossa loja de Ponta Delgada, sita na __________________________________________<\/li>\n<\/ol>\n<p><b class=\"boldLi\">18.1<\/b> Temos entrega para <u>Portugal continental, ilhas dos A\u00e7ores e ilhas da Madeira.<\/u><\/p>\n<p><b class=\"boldLi\">18.2<\/b> Com levantamento na loja de Ponta Delgada n\u00e3o existe custo de portes de envio.<\/p>\n<ol start=\"19\">\n<li>S\u00f3 ser\u00e3o aceites encomendas cujas entregas sejam efetuadas em <u>Portugal continental e nas Regi\u00f5es Aut\u00f3nomas da Madeira e dos A\u00e7ores.<\/u><\/li>\n<li>Ap\u00f3s ter introduzido os seus dados pessoais, confirme igualmente a inten\u00e7\u00e3o de efetuar a encomenda.<\/li>\n<li>Feita a confirma\u00e7\u00e3o, a encomenda ser\u00e1 processada e n\u00e3o poder\u00e1 ser cancelada, salvo o direito de resolu\u00e7\u00e3o nos termos dos pontos 31 a 35.<\/li>\n<\/ol>\n<ol start=\"22\">\n<li><u>A sua encomenda n\u00e3o ser\u00e1 aceite e o contrato n\u00e3o se encontra conclu\u00eddo enquanto n\u00e3o receber, por e-mail, a confirma\u00e7\u00e3o da aceita\u00e7\u00e3o da encomenda e efetuar o pagamento da mesma.<\/u><\/li>\n<\/ol>\n<p>OU<\/p>\n<ol start=\"22\">\n<li><u>A sua encomenda n\u00e3o ser\u00e1 aceite e o contrato n\u00e3o se encontra conclu\u00eddo enquanto n\u00e3o receber, por e-mail, o valor final atualizado conforme stock dispon\u00edvel e valores dos portes, aceitar os valores atualizados e efetuar o pagamento da mesma at\u00e9 48h depois de receber o email.<\/u><\/li>\n<\/ol>\n<ol start=\"23\">\n<li><u>O pagamento dever\u00e1 ser feito no momento da confirma\u00e7\u00e3o da encomenda.<\/u><\/li>\n<\/ol>\n<p>OU<\/p>\n<ol start=\"23\">\n<li><u>O pagamento dever\u00e1 ser feito ap\u00f3s confirma\u00e7\u00e3o da empresa do stock existente e envio por email do valor final. Caso n\u00e3o tenha nehuma obje\u00e7\u00e3o, ter\u00e1 dois dias para efetuar o pagamento.<\/u><\/li>\n<\/ol>\n<p>M\u00e9todos de pagamento aceites s\u00e3o: PayPal, <u>refer\u00eancia multibanco, MB Way ou transfer\u00eancia banc\u00e1ria;<\/u><\/p>\n<p><strong>Entrega de encomenda<\/strong><\/p>\n<ol start=\"24\">\n<li>A encomenda ser\u00e1 entregue por estafeta (ctt, transit\u00e1rio, ems ou outro servi\u00e7o).<\/li>\n<li>O prazo de expedi\u00e7\u00e3o ser\u00e1, em princ\u00edpio, de at\u00e9 48 horas nos dias \u00fateis, a partir da data de recep\u00e7\u00e3o e confirma\u00e7\u00e3o do pagamento da encomenda pela empresa, salvo rotura de stock, em que ser\u00e1 proposto um prazo de expedi\u00e7\u00e3o alternativo.<\/li>\n<li>Caso n\u00e3o se encontre ningu\u00e9m na morada indicada, a encomenda ficar\u00e1 na esta\u00e7\u00e3o dos ctt ou transit\u00e1rio da \u00e1rea da morada supramencionada, durante 3 dias \u00fateis, sendo que ap\u00f3s esse per\u00edodo ser\u00e1 devolvida \u00e0 empresa. Findo este prazo, os artigos regressar\u00e3o \u00e0 pcbem e posteriormente ser\u00e1 calendarizada nova entrega, sendo esta custeada pelo cliente.<\/li>\n<\/ol>\n<p><strong>Garantia<\/strong><\/p>\n<ol start=\"27\">\n<li>Os produtos adquiridos na loja online t\u00eam garantia de dois anos, salvo indica\u00e7\u00e3o expressa em contr\u00e1rio.<\/li>\n<li>Para beneficiar dessa garantia, o cliente dever\u00e1 conservar a fatura como prova de compra.<\/li>\n<li>A empresa \u00e9 apenas uma revendedora. Todos os produtos vendidos pela empresa n\u00e3o s\u00e3o fabricados por n\u00f3s. Passamos para os nossos clientes todas as garantias dos fabricantes de um m\u00e1ximo at\u00e9 2 anos.<\/li>\n<li>No caso de se confrontar com dificuldades na instala\u00e7\u00e3o\/utiliza\u00e7\u00e3o de algum produto, comece por certificar-se de que est\u00e1 a seguir todas as instru\u00e7\u00f5es contidas nos manuais de instru\u00e7\u00f5es do fabricante. Se o problema persistir contacte diretamente o fabricante ou a nossa empresa.<\/li>\n<\/ol>\n<p>\u2013 Fazemos o nosso melhor para que o seu produto seja trocado o mais r\u00e1pido poss\u00edvel, mas o tempo de resolu\u00e7\u00e3o n\u00e3o depende s\u00f3 de n\u00f3s. Todos os produtos que d\u00e3o entrada nas nossas instala\u00e7\u00f5es s\u00e3o testados e expedidos no prazo m\u00e1ximo de 48h. Da\u00ed em diante passa a ser responsabilidade dos fabricantes e fornecedores.<\/p>\n<p>\u2013 No caso de produtos descontinuados, a troca poder\u00e1 ser feita por um produto equivalente ou superior atualmente em comercializa\u00e7\u00e3o, mas esta troca \u00e9 da responsabilidade do fornecedor ou fabricante, caso n\u00e3o seja poss\u00edvel, poder\u00e1 ser feita a devolu\u00e7\u00e3o do valor.<\/p>\n<p><strong>Resolu\u00e7\u00e3o do contrato e devolu\u00e7oes<\/strong><\/p>\n<ol start=\"31\">\n<li>O cliente tem o direito de cancelar a compra, caso n\u00e3o receba o seu produto num prazo m\u00e1ximo de 30 dias e os portes s\u00e3o \u00e0 responsabilidade do cliente.<\/li>\n<li>O cliente possui, nos termos da lei, o direito de resolu\u00e7\u00e3o contratual, que dever\u00e1 ser exercido atrav\u00e9s de carta registada com aviso de rece\u00e7\u00e3o, expedida, no prazo m\u00e1ximo de 14 dias a contar da data de rece\u00e7\u00e3o da encomenda, para a seguinte morada: ___________________________________<br \/>\npor outras palavras:<\/li>\n<\/ol>\n<p>O prazo de reflex\u00e3o devido ao cliente que faz compras \u00e0 dist\u00e2ncia, durante o qual pode devolver o bem adquirido, passa a ser de 14 dias para toda a Uni\u00e3o Europeia (lei).<\/p>\n<p>Os portes de devolu\u00e7\u00e3o s\u00e3o \u00e0 responsabilidade do cliente.<\/p>\n<ol start=\"33\">\n<li>Em caso de resolu\u00e7\u00e3o contratual, o cliente disp\u00f5e de um prazo m\u00e1ximo de 30 dias, a contar da data de rece\u00e7\u00e3o da encomenda, para devolver \u00e0 empresa na morada supra indicada, o(s) produto(s) adquirido(s) com a(s) respetiva(s) embalagem(ns) em excelente estado de conserva\u00e7\u00e3o, juntamente com a c\u00f3pia da fatura de venda e o documento comprovativo da rece\u00e7\u00e3o da encomenda.<\/li>\n<li>Posteriormente \u00e0 rece\u00e7\u00e3o da encomenda devolvida e de todos os documentos referidos no ponto anterior, a empresa reembolsar\u00e1, preferencialmente pelo mesmo m\u00e9todo de pagamento se poss\u00edvel, no prazo m\u00e1ximo de 14 dias, os montantes pagos pelo cliente, sem quaisquer despesas para este, excepto de custos de portes caso se aplique, salvo o disposto no ponto seguinte.<\/li>\n<\/ol>\n<p>Condi\u00e7\u00f5es do direito de livre resolu\u00e7\u00e3o para produtos:<br \/>\n<u><br \/>\n1 &#8211; Livros na Condi\u00e7\u00e3o original;<\/u><\/p>\n<p><u>2 &#8211; Filmes, TV e M\u00fasica: CD, DVD, Vinil, etc. com embalagem por abrir e com os selos intactos;<\/u><\/p>\n<p><u>3 &#8211; Software e Videojogos com embalagem por abrir e com os selos intactos;<\/u><\/p>\n<p><u>4 &#8211; Eletr\u00f3nica (TV, \u00c1udio, V\u00eddeo, Inform\u00e1tica, GPS, etc.) com produtos sem sinal de uso indevido. Devolu\u00e7\u00e3o do produto completo, com todos os seus componentes e acess\u00f3rios, manual de instru\u00e7\u00f5es e embalagens originais em perfeito estado;<\/u><\/p>\n<p><u>5 &#8211; Roupa, Sapatos e Complementos na condi\u00e7\u00e3o original e com todas as embalagens e etiquetas;<\/u><\/p>\n<p><u>6- Restantes produtos sem sinal de uso indevido. Devolu\u00e7\u00e3o do produto completo, com todos os seus componentes e acess\u00f3rios, manual de instru\u00e7\u00f5es e embalagens originais em perfeito estado;<br \/>\n<\/u><br \/>\nO consumidor perde o direito de livre resolu\u00e7\u00e3o caso as condi\u00e7\u00f5es anteriores n\u00e3o se confirmem.<\/p>\n<p><strong>Liti\u0301gios de consumo<\/strong><\/p>\n<p>A Uni\u00e3o Europeia criou um site para apoiar os consumidores na apresenta\u00e7\u00e3o das suas reclama\u00e7\u00f5es sobre qualquer lit\u00edgio em que estejam envolvidos. Neste \u00e2mbito, a <u>EMPRESA<\/u> disponibiliza toda a informa\u00e7\u00e3o para que possa exercer o seu direito de reclama\u00e7\u00e3o junto de uma entidade oficial, terceira e imparcial ao processo. Assim, se ficou insatisfeito com a aquisi\u00e7\u00e3o de um bem ou servi\u00e7o no nosso site, ou com a solu\u00e7\u00e3o por n\u00f3s apresentada para resolver a situa\u00e7\u00e3o, pode aceder a este site oficial <strong><a href=\"https:\/\/ec.europa.eu\/consumers\/odr\" target=\"_blank\" rel=\"noopener\">https:\/\/ec.europa.eu\/consumers\/odr<\/a><\/strong> e expor a sua contesta\u00e7\u00e3o.<\/p>\n<ol start=\"35\">\n<li>Todas as mensagens eletr\u00f3nicas enviadas durante o acesso \u00e0 loja online, incluindo e-mails e mensagens atrav\u00e9s de um browser internet, ser\u00e3o consideradas, para efeitos da lei aplic\u00e1vel, como declara\u00e7\u00f5es contratuais.<\/li>\n<li>A resolu\u00e7\u00e3o alternativa de lit\u00edgios \u00e9 a possibilidade que todos os consumidores t\u00eam ao seu dispor de recorrer a entidades oficiais que os ajudem na resolu\u00e7\u00e3o, ou orienta\u00e7\u00e3o de algum conflito, antes de abrirem processos litigiosos nos tribunais. Regra geral, o procedimento \u00e9 o seguinte: o cliente pede a um terceiro imparcial que intervenha como intermedi\u00e1rio entre si e o comerciante, que \u00e9 o alvo da sua reclama\u00e7\u00e3o. O intermedi\u00e1rio pode sugerir uma solu\u00e7\u00e3o para a sua reclama\u00e7\u00e3o, impor uma solu\u00e7\u00e3o a ambas as partes, ou reunir as partes para encontrar uma solu\u00e7\u00e3o.<\/li>\n<\/ol>\n<p>Talvez conhe\u00e7a o conceito de resolu\u00e7\u00e3o alternativa de lit\u00edgios por outro nome: \u2018media\u00e7\u00e3o\u2019, \u2018concilia\u00e7\u00e3o\u2019, \u2018arbitragem\u2019 ou \u2018comiss\u00e3o competente no \u00e2mbito dos lit\u00edgios de consumo\u2019.<\/p>\n<p>A resolu\u00e7\u00e3o alternativa de lit\u00edgios \u00e9, por norma, menos dispendiosa, menos formal e mais r\u00e1pida do que a via judicial.<\/p>\n<ol start=\"37\">\n<li>Sugest\u00f5es de entidades de resolu\u00e7\u00e3o alternativa de lit\u00edgio:<\/li>\n<\/ol>\n<p>Cniacc \u2013 Centro Nacional de Informa\u00e7\u00e3o e Arbitragem de Conflitos de Consumo<\/p>\n<p><a href=\"https:\/\/www.cniacc.pt\/pt\/\" target=\"_blank\" rel=\"noopener\">https:\/\/www.cniacc.pt\/pt\/<\/a><\/p>\n<p>Centro de Arbitragem de Conflitos de Consumo de Lisboa<\/p>\n<p><a href=\"http:\/\/www.centroarbitragemlisboa.pt\/\" target=\"_blank\" rel=\"noopener\">http:\/\/www.centroarbitragemlisboa.pt\/<\/a><\/p>\n<p>Centro de Arbitragem de Conflitos de Consumo do Vale do Ave\/Tribunal Arbitral<\/p>\n<p><a href=\"http:\/\/www.triave.pt\/\" target=\"_blank\" rel=\"noopener\">http:\/\/www.triave.pt\/<\/a><\/p>\n<p>Ciab \u2013 Centro de Informa\u00e7\u00e3o, Media\u00e7\u00e3o e Arbitragem de Consumo (Tribunal Arbitral de Consumo)<\/p>\n<p><a href=\"http:\/\/www.ciab.pt\/pt\/\" target=\"_blank\" rel=\"noopener\">http:\/\/www.ciab.pt\/pt\/<\/a><\/p>\n<p>Cicap \u2013 Tribunal Arbitral de Consumo<\/p>\n<p><a href=\"https:\/\/www.cicap.pt\/\" target=\"_blank\" rel=\"noopener\">https:\/\/www.cicap.pt\/<\/a><\/p>\n<p><strong>Disposi\u00e7\u00f5es finais<\/strong><\/p>\n<ol start=\"38\">\n<li>Todas as mensagens eletr\u00f3nicas enviadas durante o acesso \u00e0 loja online, incluindo e-mails e mensagens atrav\u00e9s de um browser internet, ser\u00e3o consideradas, para efeitos da lei aplic\u00e1vel, como declara\u00e7\u00f5es contratuais.<\/li>\n<li>A EMPRESA poder\u00e1 enviar ao cliente informa\u00e7\u00f5es sobre novos produtos, promo\u00e7\u00f5es ou outras de interesse para os clientes da loja online, caso o cliente tenha se inscrito na newsletter.<\/li>\n<li>Para quaisquer coment\u00e1rios, ou d\u00favidas, por favor contacte a nossa linha de apoio a clientes atrav\u00e9s do n\u00famero ____________ ou o e-mail ____________________.<\/li>\n<\/ol>\n<p>[\/vc_column_text][\/vc_column][\/vc_row]<\/p>\n","protected":false},"excerpt":{"rendered":"<p>[vc_row][vc_column][vc_column_text] Condi\u00e7\u00f5es gerais Termos e condi\u00e7\u00f5es Todos os \u201ctermos e condi\u00e7\u00f5es\u201d da loja online WWW.XPTO.COM da empresa XPTO, LDA., com sede Rua Jo\u00e3o n.\u00ba 505, Arrifes, Ponta Delgada, pessoa coletiva n\u00b0 123 123 123, que \u00e9 tamb\u00e9m o seu n\u00famero de matr\u00edcula na Conservat\u00f3ria do Registo Comercial de Ponta Delgada, com o capital social de [&hellip;]<\/p>\n","protected":false},"author":1,"featured_media":0,"parent":0,"menu_order":0,"comment_status":"closed","ping_status":"closed","template":"template-politica_termos.php","meta":[],"acf":[],"yoast_head":"<!-- This site is optimized with the Yoast SEO plugin v19.0 - https:\/\/yoast.com\/wordpress\/plugins\/seo\/ -->\n<title>T\u00e9rminos y Condiciones - 2B Restaurante Snack Bar<\/title>\n<meta name=\"description\" content=\"Por favor, lea los t\u00e9rminos y condiciones de uso de nuestro sitio web. En Snack Bar 2B valoramos su privacidad.\" \/>\n<meta name=\"robots\" content=\"index, follow, max-snippet:-1, max-image-preview:large, max-video-preview:-1\" \/>\n<link rel=\"canonical\" href=\"https:\/\/2bazores.com\/es\/terminos-y-condiciones\/\" \/>\n<meta property=\"og:locale\" content=\"es_ES\" \/>\n<meta property=\"og:type\" content=\"article\" \/>\n<meta property=\"og:title\" content=\"T\u00e9rminos y Condiciones - 2B Restaurante Snack Bar\" \/>\n<meta property=\"og:description\" content=\"Por favor, lea los t\u00e9rminos y condiciones de uso de nuestro sitio web. En Snack Bar 2B valoramos su privacidad.\" \/>\n<meta property=\"og:url\" content=\"https:\/\/2bazores.com\/es\/terminos-y-condiciones\/\" \/>\n<meta property=\"og:site_name\" content=\"2B Restaurante Snack Bar\" \/>\n<meta property=\"article:modified_time\" content=\"2022-06-27T08:28:42+00:00\" \/>\n<meta name=\"twitter:card\" content=\"summary_large_image\" \/>\n<meta name=\"twitter:label1\" content=\"Est. reading time\" \/>\n\t<meta name=\"twitter:data1\" content=\"9 minutos\" \/>\n<script type=\"application\/ld+json\" class=\"yoast-schema-graph\">{\"@context\":\"https:\/\/schema.org\",\"@graph\":[{\"@type\":\"Organization\",\"@id\":\"https:\/\/2bazores.com\/#organization\",\"name\":\"2B Restaurante Snack Bar\",\"url\":\"https:\/\/2bazores.com\/\",\"sameAs\":[],\"logo\":{\"@type\":\"ImageObject\",\"inLanguage\":\"es\",\"@id\":\"https:\/\/2bazores.com\/#\/schema\/logo\/image\/\",\"url\":\"https:\/\/2bazores.com\/wp-content\/uploads\/2022\/10\/2b-horizontal-header-2.png\",\"contentUrl\":\"https:\/\/2bazores.com\/wp-content\/uploads\/2022\/10\/2b-horizontal-header-2.png\",\"width\":306,\"height\":55,\"caption\":\"2B Restaurante Snack Bar\"},\"image\":{\"@id\":\"https:\/\/2bazores.com\/#\/schema\/logo\/image\/\"}},{\"@type\":\"WebSite\",\"@id\":\"https:\/\/2bazores.com\/#website\",\"url\":\"https:\/\/2bazores.com\/\",\"name\":\"2B Restaurante Snack Bar\",\"description\":\"2B Azores Restaurante\",\"publisher\":{\"@id\":\"https:\/\/2bazores.com\/#organization\"},\"potentialAction\":[{\"@type\":\"SearchAction\",\"target\":{\"@type\":\"EntryPoint\",\"urlTemplate\":\"https:\/\/2bazores.com\/?s={search_term_string}\"},\"query-input\":\"required name=search_term_string\"}],\"inLanguage\":\"es\"},{\"@type\":\"WebPage\",\"@id\":\"https:\/\/2bazores.com\/es\/terminos-y-condiciones\/#webpage\",\"url\":\"https:\/\/2bazores.com\/es\/terminos-y-condiciones\/\",\"name\":\"T\u00e9rminos y Condiciones - 2B Restaurante Snack Bar\",\"isPartOf\":{\"@id\":\"https:\/\/2bazores.com\/#website\"},\"datePublished\":\"2022-05-27T13:05:40+00:00\",\"dateModified\":\"2022-06-27T08:28:42+00:00\",\"description\":\"Por favor, lea los t\u00e9rminos y condiciones de uso de nuestro sitio web. En Snack Bar 2B valoramos su privacidad.\",\"breadcrumb\":{\"@id\":\"https:\/\/2bazores.com\/es\/terminos-y-condiciones\/#breadcrumb\"},\"inLanguage\":\"es\",\"potentialAction\":[{\"@type\":\"ReadAction\",\"target\":[\"https:\/\/2bazores.com\/es\/terminos-y-condiciones\/\"]}]},{\"@type\":\"BreadcrumbList\",\"@id\":\"https:\/\/2bazores.com\/es\/terminos-y-condiciones\/#breadcrumb\",\"itemListElement\":[{\"@type\":\"ListItem\",\"position\":1,\"name\":\"Home\",\"item\":\"https:\/\/2bazores.com\/es\/\"},{\"@type\":\"ListItem\",\"position\":2,\"name\":\"T\u00e9rminos y Condiciones\"}]}]}<\/script>\n<!-- \/ Yoast SEO plugin. -->","yoast_head_json":{"title":"T\u00e9rminos y Condiciones - 2B Restaurante Snack Bar","description":"Por favor, lea los t\u00e9rminos y condiciones de uso de nuestro sitio web. En Snack Bar 2B valoramos su privacidad.","robots":{"index":"index","follow":"follow","max-snippet":"max-snippet:-1","max-image-preview":"max-image-preview:large","max-video-preview":"max-video-preview:-1"},"canonical":"https:\/\/2bazores.com\/es\/terminos-y-condiciones\/","og_locale":"es_ES","og_type":"article","og_title":"T\u00e9rminos y Condiciones - 2B Restaurante Snack Bar","og_description":"Por favor, lea los t\u00e9rminos y condiciones de uso de nuestro sitio web. En Snack Bar 2B valoramos su privacidad.","og_url":"https:\/\/2bazores.com\/es\/terminos-y-condiciones\/","og_site_name":"2B Restaurante Snack Bar","article_modified_time":"2022-06-27T08:28:42+00:00","twitter_card":"summary_large_image","twitter_misc":{"Est. reading time":"9 minutos"},"schema":{"@context":"https:\/\/schema.org","@graph":[{"@type":"Organization","@id":"https:\/\/2bazores.com\/#organization","name":"2B Restaurante Snack Bar","url":"https:\/\/2bazores.com\/","sameAs":[],"logo":{"@type":"ImageObject","inLanguage":"es","@id":"https:\/\/2bazores.com\/#\/schema\/logo\/image\/","url":"https:\/\/2bazores.com\/wp-content\/uploads\/2022\/10\/2b-horizontal-header-2.png","contentUrl":"https:\/\/2bazores.com\/wp-content\/uploads\/2022\/10\/2b-horizontal-header-2.png","width":306,"height":55,"caption":"2B Restaurante Snack Bar"},"image":{"@id":"https:\/\/2bazores.com\/#\/schema\/logo\/image\/"}},{"@type":"WebSite","@id":"https:\/\/2bazores.com\/#website","url":"https:\/\/2bazores.com\/","name":"2B Restaurante Snack Bar","description":"2B Azores Restaurante","publisher":{"@id":"https:\/\/2bazores.com\/#organization"},"potentialAction":[{"@type":"SearchAction","target":{"@type":"EntryPoint","urlTemplate":"https:\/\/2bazores.com\/?s={search_term_string}"},"query-input":"required name=search_term_string"}],"inLanguage":"es"},{"@type":"WebPage","@id":"https:\/\/2bazores.com\/es\/terminos-y-condiciones\/#webpage","url":"https:\/\/2bazores.com\/es\/terminos-y-condiciones\/","name":"T\u00e9rminos y Condiciones - 2B Restaurante Snack Bar","isPartOf":{"@id":"https:\/\/2bazores.com\/#website"},"datePublished":"2022-05-27T13:05:40+00:00","dateModified":"2022-06-27T08:28:42+00:00","description":"Por favor, lea los t\u00e9rminos y condiciones de uso de nuestro sitio web. En Snack Bar 2B valoramos su privacidad.","breadcrumb":{"@id":"https:\/\/2bazores.com\/es\/terminos-y-condiciones\/#breadcrumb"},"inLanguage":"es","potentialAction":[{"@type":"ReadAction","target":["https:\/\/2bazores.com\/es\/terminos-y-condiciones\/"]}]},{"@type":"BreadcrumbList","@id":"https:\/\/2bazores.com\/es\/terminos-y-condiciones\/#breadcrumb","itemListElement":[{"@type":"ListItem","position":1,"name":"Home","item":"https:\/\/2bazores.com\/es\/"},{"@type":"ListItem","position":2,"name":"T\u00e9rminos y Condiciones"}]}]}},"_links":{"self":[{"href":"https:\/\/2bazores.com\/es\/wp-json\/wp\/v2\/pages\/12164"}],"collection":[{"href":"https:\/\/2bazores.com\/es\/wp-json\/wp\/v2\/pages"}],"about":[{"href":"https:\/\/2bazores.com\/es\/wp-json\/wp\/v2\/types\/page"}],"author":[{"embeddable":true,"href":"https:\/\/2bazores.com\/es\/wp-json\/wp\/v2\/users\/1"}],"replies":[{"embeddable":true,"href":"https:\/\/2bazores.com\/es\/wp-json\/wp\/v2\/comments?post=12164"}],"version-history":[{"count":2,"href":"https:\/\/2bazores.com\/es\/wp-json\/wp\/v2\/pages\/12164\/revisions"}],"predecessor-version":[{"id":12365,"href":"https:\/\/2bazores.com\/es\/wp-json\/wp\/v2\/pages\/12164\/revisions\/12365"}],"wp:attachment":[{"href":"https:\/\/2bazores.com\/es\/wp-json\/wp\/v2\/media?parent=12164"}],"curies":[{"name":"wp","href":"https:\/\/api.w.org\/{rel}","templated":true}]}}