{"id":12146,"date":"2017-05-10T13:40:41","date_gmt":"2017-05-10T13:40:41","guid":{"rendered":"https:\/\/2bazores.com\/reservas\/"},"modified":"2022-08-03T12:09:13","modified_gmt":"2022-08-03T12:09:13","slug":"reservas","status":"publish","type":"page","link":"https:\/\/2bazores.com\/es\/reservas\/","title":{"rendered":"Reservas"},"content":{"rendered":"<p>[vc_row css=\u00bb.vc_custom_1654170275063{margin-top: 0px !important;margin-bottom: 0px !important;padding-top: 80px !important;padding-bottom: 60px !important;}\u00bb][vc_column width=\u00bb1\/6&#8243;][\/vc_column][vc_column width=\u00bb4\/6&#8243;]<div id=\"ultimate-heading-534069f34e5a9429d\" class=\"uvc-heading ult-adjust-bottom-margin ultimate-heading-534069f34e5a9429d uvc-2399 \" data-hspacer=\"no_spacer\"  data-halign=\"center\" style=\"text-align:center\"><div class=\"uvc-heading-spacer no_spacer\" style=\"top\"><\/div><div class=\"uvc-main-heading ult-responsive\"  data-ultimate-target='.uvc-heading.ultimate-heading-534069f34e5a9429d h2'  data-responsive-json-new='{\"font-size\":\"desktop:24px;\",\"line-height\":\"desktop:34px;\"}' ><h2 style=\"font-family:&#039;Gloria Hallelujah&#039;;font-weight:bold;color:#d5c3a0;margin-bottom:5px;\">Haz tu reserva ahora<\/h2><\/div><div class=\"uvc-sub-heading ult-responsive\"  data-ultimate-target='.uvc-heading.ultimate-heading-534069f34e5a9429d .uvc-sub-heading '  data-responsive-json-new='{\"font-size\":\"desktop:42px;\",\"line-height\":\"desktop:54px;\"}'  style=\"font-family:&#039;Josefin Sans&#039;;font-weight:700;color:#333333;margin-bottom:40px;\"><\/p>\n<div id=\"tw-target-text-container\" class=\"tw-ta-container F0azHf tw-nfl\" tabindex=\"0\">\n<p id=\"tw-target-text\" class=\"tw-data-text tw-text-large tw-ta\" dir=\"ltr\" data-placeholder=\"Tradu\u00e7\u00e3o\"><span class=\"Y2IQFc\" lang=\"es\">Reservar una mesa<\/span><\/p>\n<\/div>\n<p><\/div><\/div>[vc_column_text css=\u00bb.vc_custom_1659528492330{margin-top: 0px !important;margin-bottom: 0px !important;padding-top: 0px !important;padding-bottom: 40px !important;}\u00bb]<\/p>\n<p style=\"text-align: center;\">\u00a1Haz tu reserva ahora y disfruta de un momento \u00fanico! \u00a1Nuestra comida, 100% azoriana, es para comer y llorar por m\u00e1s! Disfruta de todo lo que tenemos para ti.<\/p>\n<p>[\/vc_column_text]<div role=\"form\" class=\"wpcf7\" id=\"wpcf7-f12176-o1\" lang=\"es-ES\" dir=\"ltr\">\n<div class=\"screen-reader-response\"><p role=\"status\" aria-live=\"polite\" aria-atomic=\"true\"><\/p> <ul><\/ul><\/div>\n<form action=\"\/es\/wp-json\/wp\/v2\/pages\/12146#wpcf7-f12176-o1\" method=\"post\" class=\"wpcf7-form init\" novalidate=\"novalidate\" data-status=\"init\">\n<div style=\"display: none;\">\n<input type=\"hidden\" name=\"_wpcf7\" value=\"12176\" \/>\n<input type=\"hidden\" name=\"_wpcf7_version\" value=\"5.5.6.1\" \/>\n<input type=\"hidden\" name=\"_wpcf7_locale\" value=\"es_ES\" \/>\n<input type=\"hidden\" name=\"_wpcf7_unit_tag\" value=\"wpcf7-f12176-o1\" \/>\n<input type=\"hidden\" name=\"_wpcf7_container_post\" value=\"0\" \/>\n<input type=\"hidden\" name=\"_wpcf7_posted_data_hash\" value=\"\" \/>\n<input type=\"hidden\" name=\"_wpcf7_recaptcha_response\" value=\"\" \/>\n<\/div>\n<div class=\"cstheme_contactform_type10\">\n<div class=\"clearfix\"><span class=\"wpcf7-form-control-wrap your-name\"><input type=\"text\" name=\"your-name\" value=\"\" size=\"40\" class=\"wpcf7-form-control wpcf7-text wpcf7-validates-as-required\" aria-required=\"true\" aria-invalid=\"false\" placeholder=\"Nombre\" \/><\/span><span class=\"wpcf7-form-control-wrap your-email\"><input type=\"email\" name=\"your-email\" value=\"\" size=\"40\" class=\"wpcf7-form-control wpcf7-text wpcf7-email wpcf7-validates-as-required wpcf7-validates-as-email\" aria-required=\"true\" aria-invalid=\"false\" placeholder=\"E-mail\" \/><\/span><span class=\"wpcf7-form-control-wrap tel-285\"><input type=\"tel\" name=\"tel-285\" value=\"\" size=\"40\" class=\"wpcf7-form-control wpcf7-text wpcf7-tel wpcf7-validates-as-required wpcf7-validates-as-tel\" aria-required=\"true\" aria-invalid=\"false\" placeholder=\"Contacto\" \/><\/span><\/div>\n<div class=\"clearfix\"><span class=\"wpcf7-form-control-wrap pessoas\"><input type=\"number\" name=\"pessoas\" value=\"\" class=\"wpcf7-form-control wpcf7-number wpcf7-validates-as-required wpcf7-validates-as-number\" min=\"1\" aria-required=\"true\" aria-invalid=\"false\" placeholder=\"Personas\" \/><\/span><span class=\"wpcf7-form-control-wrap date-565\"><input type=\"date\" name=\"date-565\" value=\"\" class=\"wpcf7-form-control wpcf7-date wpcf7-validates-as-required wpcf7-validates-as-date\" aria-required=\"true\" aria-invalid=\"false\" placeholder=\"Fecha\" \/><\/span><span class=\"wpcf7-form-control-wrap time\"><input type=\"text\" name=\"time\" value=\"\" size=\"40\" class=\"wpcf7-form-control wpcf7-text wpcf7-validates-as-required walcf7-timepicker\" aria-required=\"true\" aria-invalid=\"false\" placeholder=\"Hora\" \/><\/span><\/div>\n<p><span class=\"wpcf7-form-control-wrap your-message\"><textarea name=\"your-message\" cols=\"40\" rows=\"10\" class=\"wpcf7-form-control wpcf7-textarea wpcf7-validates-as-required\" aria-required=\"true\" aria-invalid=\"false\" placeholder=\"Mensaje\"><\/textarea><\/span><br \/>\n<span class=\"wpcf7-form-control-wrap acceptance-69\"><span class=\"wpcf7-form-control wpcf7-acceptance\"><span class=\"wpcf7-list-item\"><label><input type=\"checkbox\" name=\"acceptance-69\" value=\"1\" aria-invalid=\"false\" \/><span class=\"wpcf7-list-item-label\">Leo y acepto el <a href=\"https:\/\/2bazores.com\/es\/terminos-y-condiciones\/\" target=\"_blank\">T\u00e9rminos y Condiciones<\/a> y el <a href=\"https:\/\/2bazores.com\/es\/politica-de-privacidad\/\" target=\"_blank\">Pol\u00edtica de privacidad<\/a>.<\/span><\/label><\/span><\/span><\/span><\/p>\n<div class=\"text-center\"><input type=\"submit\" value=\"Hacer una solicitud de reserva\" class=\"wpcf7-form-control has-spinner wpcf7-submit\" \/><\/div>\n<\/div>\n<div class=\"wpcf7-response-output\" aria-hidden=\"true\"><\/div><\/form><\/div>[\/vc_column][vc_column width=\u00bb1\/6&#8243;][\/vc_column][\/vc_row][vc_row bg_type=\u00bbbg_color\u00bb bg_override=\u00bbfull\u00bb css=\u00bb.vc_custom_1654166887193{margin-top: 0px !important;margin-bottom: 0px !important;padding-top: 30px !important;padding-bottom: 30px !important;}\u00bb bg_color_value=\u00bb#faf9f5&#8243;][vc_column css=\u00bb.vc_custom_1654166987241{padding-bottom: 35px !important;}\u00bb]<div id=\"ultimate-heading-196869f34e5a9470b\" class=\"uvc-heading ult-adjust-bottom-margin ultimate-heading-196869f34e5a9470b uvc-3435 h3Reserve\" data-hspacer=\"no_spacer\"  data-halign=\"center\" style=\"text-align:center\"><div class=\"uvc-heading-spacer no_spacer\" style=\"top\"><\/div><div class=\"uvc-main-heading ult-responsive\"  data-ultimate-target='.uvc-heading.ultimate-heading-196869f34e5a9470b h3'  data-responsive-json-new='{\"font-size\":\"desktop:42px;\",\"line-height\":\"desktop:42px;\"}' ><h3 style=\"font-family:&#039;Gloria Hallelujah&#039;;font-weight:bold;color:#333333;\">Por favor espere la confirmaci\u00f3n de su reserva<\/h3><\/div><\/div>[\/vc_column][\/vc_row]<\/p>\n","protected":false},"excerpt":{"rendered":"<p>[vc_row css=\u00bb.vc_custom_1654170275063{margin-top: 0px !important;margin-bottom: 0px !important;padding-top: 80px !important;padding-bottom: 60px !important;}\u00bb][vc_column width=\u00bb1\/6&#8243;][\/vc_column][vc_column width=\u00bb4\/6&#8243;][vc_column_text css=\u00bb.vc_custom_1659528492330{margin-top: 0px !important;margin-bottom: 0px !important;padding-top: 0px !important;padding-bottom: 40px !important;}\u00bb] \u00a1Haz tu reserva ahora y disfruta de un momento \u00fanico! \u00a1Nuestra comida, 100% azoriana, es para comer y llorar por m\u00e1s! Disfruta de todo lo que tenemos para ti. [\/vc_column_text][\/vc_column][vc_column width=\u00bb1\/6&#8243;][\/vc_column][\/vc_row][vc_row bg_type=\u00bbbg_color\u00bb bg_override=\u00bbfull\u00bb css=\u00bb.vc_custom_1654166887193{margin-top: [&hellip;]<\/p>\n","protected":false},"author":1,"featured_media":12012,"parent":0,"menu_order":0,"comment_status":"closed","ping_status":"closed","template":"","meta":[],"acf":[],"yoast_head":"<!-- This site is optimized with the Yoast SEO plugin v19.0 - https:\/\/yoast.com\/wordpress\/plugins\/seo\/ -->\n<title>Comer en las Azores | Reserva con el 2B SnackBar Restaurante<\/title>\n<meta name=\"description\" content=\"\u00a1Haga ya su reserva y prep\u00e1rese para disfrutar de una comida t\u00edpicamente azoriana, en uno de los mejores restaurantes de S\u00e3o Miguel!\" \/>\n<meta name=\"robots\" content=\"index, follow, max-snippet:-1, max-image-preview:large, max-video-preview:-1\" \/>\n<link rel=\"canonical\" href=\"https:\/\/2bazores.com\/es\/reservas\/\" \/>\n<meta property=\"og:locale\" content=\"es_ES\" \/>\n<meta property=\"og:type\" content=\"article\" \/>\n<meta property=\"og:title\" content=\"Comer en las Azores | Reserva con el 2B SnackBar Restaurante\" \/>\n<meta property=\"og:description\" content=\"\u00a1Haga ya su reserva y prep\u00e1rese para disfrutar de una comida t\u00edpicamente azoriana, en uno de los mejores restaurantes de S\u00e3o Miguel!\" \/>\n<meta property=\"og:url\" content=\"https:\/\/2bazores.com\/es\/reservas\/\" \/>\n<meta property=\"og:site_name\" content=\"2B Restaurante Snack Bar\" \/>\n<meta property=\"article:modified_time\" content=\"2022-08-03T12:09:13+00:00\" \/>\n<meta property=\"og:image\" content=\"https:\/\/2bazores.com\/wp-content\/uploads\/2022\/05\/dsc09975-scaled.jpg\" \/>\n\t<meta property=\"og:image:width\" content=\"2560\" \/>\n\t<meta property=\"og:image:height\" content=\"1707\" \/>\n\t<meta property=\"og:image:type\" content=\"image\/jpeg\" \/>\n<meta name=\"twitter:card\" content=\"summary_large_image\" \/>\n<meta name=\"twitter:label1\" content=\"Est. reading time\" \/>\n\t<meta name=\"twitter:data1\" content=\"1 minuto\" \/>\n<script type=\"application\/ld+json\" class=\"yoast-schema-graph\">{\"@context\":\"https:\/\/schema.org\",\"@graph\":[{\"@type\":\"Organization\",\"@id\":\"https:\/\/2bazores.com\/#organization\",\"name\":\"2B Restaurante Snack Bar\",\"url\":\"https:\/\/2bazores.com\/\",\"sameAs\":[],\"logo\":{\"@type\":\"ImageObject\",\"inLanguage\":\"es\",\"@id\":\"https:\/\/2bazores.com\/#\/schema\/logo\/image\/\",\"url\":\"https:\/\/2bazores.com\/wp-content\/uploads\/2022\/10\/2b-horizontal-header-2.png\",\"contentUrl\":\"https:\/\/2bazores.com\/wp-content\/uploads\/2022\/10\/2b-horizontal-header-2.png\",\"width\":306,\"height\":55,\"caption\":\"2B Restaurante Snack Bar\"},\"image\":{\"@id\":\"https:\/\/2bazores.com\/#\/schema\/logo\/image\/\"}},{\"@type\":\"WebSite\",\"@id\":\"https:\/\/2bazores.com\/#website\",\"url\":\"https:\/\/2bazores.com\/\",\"name\":\"2B Restaurante Snack Bar\",\"description\":\"2B Azores Restaurante\",\"publisher\":{\"@id\":\"https:\/\/2bazores.com\/#organization\"},\"potentialAction\":[{\"@type\":\"SearchAction\",\"target\":{\"@type\":\"EntryPoint\",\"urlTemplate\":\"https:\/\/2bazores.com\/?s={search_term_string}\"},\"query-input\":\"required name=search_term_string\"}],\"inLanguage\":\"es\"},{\"@type\":\"ImageObject\",\"inLanguage\":\"es\",\"@id\":\"https:\/\/2bazores.com\/es\/reservas\/#primaryimage\",\"url\":\"https:\/\/2bazores.com\/wp-content\/uploads\/2022\/05\/dsc09975-scaled.jpg\",\"contentUrl\":\"https:\/\/2bazores.com\/wp-content\/uploads\/2022\/05\/dsc09975-scaled.jpg\",\"width\":2560,\"height\":1707,\"caption\":\"Restaurantes em sao miguel a\u00e7ores\"},{\"@type\":\"WebPage\",\"@id\":\"https:\/\/2bazores.com\/es\/reservas\/#webpage\",\"url\":\"https:\/\/2bazores.com\/es\/reservas\/\",\"name\":\"Comer en las Azores | Reserva con el 2B SnackBar Restaurante\",\"isPartOf\":{\"@id\":\"https:\/\/2bazores.com\/#website\"},\"primaryImageOfPage\":{\"@id\":\"https:\/\/2bazores.com\/es\/reservas\/#primaryimage\"},\"datePublished\":\"2017-05-10T13:40:41+00:00\",\"dateModified\":\"2022-08-03T12:09:13+00:00\",\"description\":\"\u00a1Haga ya su reserva y prep\u00e1rese para disfrutar de una comida t\u00edpicamente azoriana, en uno de los mejores restaurantes de S\u00e3o Miguel!\",\"breadcrumb\":{\"@id\":\"https:\/\/2bazores.com\/es\/reservas\/#breadcrumb\"},\"inLanguage\":\"es\",\"potentialAction\":[{\"@type\":\"ReadAction\",\"target\":[\"https:\/\/2bazores.com\/es\/reservas\/\"]}]},{\"@type\":\"BreadcrumbList\",\"@id\":\"https:\/\/2bazores.com\/es\/reservas\/#breadcrumb\",\"itemListElement\":[{\"@type\":\"ListItem\",\"position\":1,\"name\":\"Home\",\"item\":\"https:\/\/2bazores.com\/es\/\"},{\"@type\":\"ListItem\",\"position\":2,\"name\":\"Reservas\"}]}]}<\/script>\n<!-- \/ Yoast SEO plugin. -->","yoast_head_json":{"title":"Comer en las Azores | Reserva con el 2B SnackBar Restaurante","description":"\u00a1Haga ya su reserva y prep\u00e1rese para disfrutar de una comida t\u00edpicamente azoriana, en uno de los mejores restaurantes de S\u00e3o Miguel!","robots":{"index":"index","follow":"follow","max-snippet":"max-snippet:-1","max-image-preview":"max-image-preview:large","max-video-preview":"max-video-preview:-1"},"canonical":"https:\/\/2bazores.com\/es\/reservas\/","og_locale":"es_ES","og_type":"article","og_title":"Comer en las Azores | Reserva con el 2B SnackBar Restaurante","og_description":"\u00a1Haga ya su reserva y prep\u00e1rese para disfrutar de una comida t\u00edpicamente azoriana, en uno de los mejores restaurantes de S\u00e3o Miguel!","og_url":"https:\/\/2bazores.com\/es\/reservas\/","og_site_name":"2B Restaurante Snack Bar","article_modified_time":"2022-08-03T12:09:13+00:00","og_image":[{"width":2560,"height":1707,"url":"https:\/\/2bazores.com\/wp-content\/uploads\/2022\/05\/dsc09975-scaled.jpg","type":"image\/jpeg"}],"twitter_card":"summary_large_image","twitter_misc":{"Est. reading time":"1 minuto"},"schema":{"@context":"https:\/\/schema.org","@graph":[{"@type":"Organization","@id":"https:\/\/2bazores.com\/#organization","name":"2B Restaurante Snack Bar","url":"https:\/\/2bazores.com\/","sameAs":[],"logo":{"@type":"ImageObject","inLanguage":"es","@id":"https:\/\/2bazores.com\/#\/schema\/logo\/image\/","url":"https:\/\/2bazores.com\/wp-content\/uploads\/2022\/10\/2b-horizontal-header-2.png","contentUrl":"https:\/\/2bazores.com\/wp-content\/uploads\/2022\/10\/2b-horizontal-header-2.png","width":306,"height":55,"caption":"2B Restaurante Snack Bar"},"image":{"@id":"https:\/\/2bazores.com\/#\/schema\/logo\/image\/"}},{"@type":"WebSite","@id":"https:\/\/2bazores.com\/#website","url":"https:\/\/2bazores.com\/","name":"2B Restaurante Snack Bar","description":"2B Azores Restaurante","publisher":{"@id":"https:\/\/2bazores.com\/#organization"},"potentialAction":[{"@type":"SearchAction","target":{"@type":"EntryPoint","urlTemplate":"https:\/\/2bazores.com\/?s={search_term_string}"},"query-input":"required name=search_term_string"}],"inLanguage":"es"},{"@type":"ImageObject","inLanguage":"es","@id":"https:\/\/2bazores.com\/es\/reservas\/#primaryimage","url":"https:\/\/2bazores.com\/wp-content\/uploads\/2022\/05\/dsc09975-scaled.jpg","contentUrl":"https:\/\/2bazores.com\/wp-content\/uploads\/2022\/05\/dsc09975-scaled.jpg","width":2560,"height":1707,"caption":"Restaurantes em sao miguel a\u00e7ores"},{"@type":"WebPage","@id":"https:\/\/2bazores.com\/es\/reservas\/#webpage","url":"https:\/\/2bazores.com\/es\/reservas\/","name":"Comer en las Azores | Reserva con el 2B SnackBar Restaurante","isPartOf":{"@id":"https:\/\/2bazores.com\/#website"},"primaryImageOfPage":{"@id":"https:\/\/2bazores.com\/es\/reservas\/#primaryimage"},"datePublished":"2017-05-10T13:40:41+00:00","dateModified":"2022-08-03T12:09:13+00:00","description":"\u00a1Haga ya su reserva y prep\u00e1rese para disfrutar de una comida t\u00edpicamente azoriana, en uno de los mejores restaurantes de S\u00e3o Miguel!","breadcrumb":{"@id":"https:\/\/2bazores.com\/es\/reservas\/#breadcrumb"},"inLanguage":"es","potentialAction":[{"@type":"ReadAction","target":["https:\/\/2bazores.com\/es\/reservas\/"]}]},{"@type":"BreadcrumbList","@id":"https:\/\/2bazores.com\/es\/reservas\/#breadcrumb","itemListElement":[{"@type":"ListItem","position":1,"name":"Home","item":"https:\/\/2bazores.com\/es\/"},{"@type":"ListItem","position":2,"name":"Reservas"}]}]}},"_links":{"self":[{"href":"https:\/\/2bazores.com\/es\/wp-json\/wp\/v2\/pages\/12146"}],"collection":[{"href":"https:\/\/2bazores.com\/es\/wp-json\/wp\/v2\/pages"}],"about":[{"href":"https:\/\/2bazores.com\/es\/wp-json\/wp\/v2\/types\/page"}],"author":[{"embeddable":true,"href":"https:\/\/2bazores.com\/es\/wp-json\/wp\/v2\/users\/1"}],"replies":[{"embeddable":true,"href":"https:\/\/2bazores.com\/es\/wp-json\/wp\/v2\/comments?post=12146"}],"version-history":[{"count":3,"href":"https:\/\/2bazores.com\/es\/wp-json\/wp\/v2\/pages\/12146\/revisions"}],"predecessor-version":[{"id":12606,"href":"https:\/\/2bazores.com\/es\/wp-json\/wp\/v2\/pages\/12146\/revisions\/12606"}],"wp:featuredmedia":[{"embeddable":true,"href":"https:\/\/2bazores.com\/es\/wp-json\/wp\/v2\/media\/12012"}],"wp:attachment":[{"href":"https:\/\/2bazores.com\/es\/wp-json\/wp\/v2\/media?parent=12146"}],"curies":[{"name":"wp","href":"https:\/\/api.w.org\/{rel}","templated":true}]}}