{"id":12134,"date":"2017-05-05T22:23:04","date_gmt":"2017-05-05T22:23:04","guid":{"rendered":"https:\/\/2bazores.com\/novidades\/"},"modified":"2022-08-03T12:05:07","modified_gmt":"2022-08-03T12:05:07","slug":"noticias","status":"publish","type":"page","link":"https:\/\/2bazores.com\/es\/noticias\/","title":{"rendered":"Noticias"},"content":{"rendered":"<p>[vc_row css=\u00bb.vc_custom_1494023228042{margin-top: 0px !important;margin-bottom: 0px !important;padding-top: 80px !important;padding-bottom: 80px !important;}\u00bb][vc_column width=\u00bb1\/3&#8243;][vc_wp_categories][\/vc_column][vc_column width=\u00bb2\/3&#8243;]<div id=\"blog_list\" class=\"masonry_top_img col1 \"><article id=\"post-12699\" class=\" col-md-12 post-12699 post type-post status-publish format-standard has-post-thumbnail hentry category-sin-categorizar\"> \n\t\t\t<div class=\"post-content-wrapper clearfix\">\n\t\t\t\t<div class=\"post_format_content\">\n\t\t\t\t\t<div class=\"post_likes\">\r\n    <span class=\"cstheme_likes despero_add_like\" data-postid=\"12699\">\r\n        <i class=\"fa fa-heart-o\"><\/i>\r\n        <span class=\"likes_count\">0<\/span>\r\n    <\/span>\r\n    <\/div>\n\t\t\t\t\t\t\n\t\t\t<div class=\"post-image\">\n\t\t\t\t\t\t\t<a href=\"https:\/\/2bazores.com\/es\/saborear-los-azores-es-en-el-2b-restaurante-snack-bar\/\" title=\"Permalink to Saborear los Azores es en el 2B Restaurante Snack Bar\" rel=\"bookmark\">\n\t\t\t\t\t<img src=\"https:\/\/2bazores.com\/wp-content\/uploads\/2022\/05\/dsc00459-scaled-1170x650.jpg\" alt=\"Saborear los Azores es en el 2B Restaurante Snack Bar\" \/>\n\t\t\t\t<\/a>\n\t\t\t\t\t<\/div>\n\t\t\t\t\t<\/div>\n\t\t\t\t\t\t\t\t\t<div class=\"post-descr-wrap clearfix\">\n\t\t\t\t\t\t<div class=\"post-meta\">\n\t\t\t\t\t\t\t<span class=\"post-meta-author\">por administrador<\/span>\n\t\t\t\t\t\t\t<span class=\"post_meta_category\">en<a href=\"https:\/\/2bazores.com\/es\/category\/sin-categorizar\/\" rel=\"category tag\">Sin categorizar<\/a><\/span>\n\t\t\t\t\t\t\t<span class=\"post-meta-date\">publicado <i>24 mayo, 2022<\/i><\/span>\n\t\t\t\t\t\t<\/div>\n\t\t\t\t\t\t<h2 class=\"post-title\">Saborear los Azores es en el 2B Restaurante Snack Bar<\/h2>\n\t\t\t\t\t\t<div class=\"post-content clearfix\">\n\t\t\t\t\t\t\t<p>\u00a0\u00a0\u00a0\u00a0\u00a0\u00a0\u00a0\u00a0\u00a0\u00a0\u00a0 \u00bfBusca probar lo mejor que la regi\u00f3n tiene para ofrecer? \u00a1Entonces el\u00a02B Restaurante Snack Bar es, sin duda, el lugar que est\u00e1s buscando! \u00a1Todos los... <\/p>\n\t\t\t\t\t\t<\/div>\n\t\t\t\t\t\t<div class=\"clearfix\">\n\t\t\t\t\t\t\t<a class=\"post_content_readmore pull-left\" href=\"https:\/\/2bazores.com\/es\/saborear-los-azores-es-en-el-2b-restaurante-snack-bar\/\">Lee mas<\/a>\n\t\t\t\t\t\t<\/div>\n\t\t\t\t\t<\/div>\n\t\t\t\t\t\t\t<\/div><\/article><\/div>[\/vc_column][\/vc_row]<\/p>\n","protected":false},"excerpt":{"rendered":"<p>[vc_row css=\u00bb.vc_custom_1494023228042{margin-top: 0px !important;margin-bottom: 0px !important;padding-top: 80px !important;padding-bottom: 80px !important;}\u00bb][vc_column width=\u00bb1\/3&#8243;][vc_wp_categories][\/vc_column][vc_column width=\u00bb2\/3&#8243;][\/vc_column][\/vc_row]<\/p>\n","protected":false},"author":1,"featured_media":12012,"parent":0,"menu_order":0,"comment_status":"closed","ping_status":"closed","template":"","meta":[],"acf":[],"yoast_head":"<!-- This site is optimized with the Yoast SEO plugin v19.0 - https:\/\/yoast.com\/wordpress\/plugins\/seo\/ -->\n<title>Comer en Ponta Delgada | Los Mejores Platos para Usted en 2B SnackBar<\/title>\n<meta name=\"description\" content=\"En el 2B snackbar Restaurante cocinamos siempre con mucho amor y cari\u00f1o. Est\u00e9 atento a nuestras novedades y prep\u00e1rese comer en Ponta Delgada!\" \/>\n<meta name=\"robots\" content=\"index, follow, max-snippet:-1, max-image-preview:large, max-video-preview:-1\" \/>\n<link rel=\"canonical\" href=\"https:\/\/2bazores.com\/es\/noticias\/\" \/>\n<meta property=\"og:locale\" content=\"es_ES\" \/>\n<meta property=\"og:type\" content=\"article\" \/>\n<meta property=\"og:title\" content=\"Comer en Ponta Delgada | Los Mejores Platos para Usted en 2B SnackBar\" \/>\n<meta property=\"og:description\" content=\"En el 2B snackbar Restaurante cocinamos siempre con mucho amor y cari\u00f1o. Est\u00e9 atento a nuestras novedades y prep\u00e1rese comer en Ponta Delgada!\" \/>\n<meta property=\"og:url\" content=\"https:\/\/2bazores.com\/es\/noticias\/\" \/>\n<meta property=\"og:site_name\" content=\"2B Restaurante Snack Bar\" \/>\n<meta property=\"article:modified_time\" content=\"2022-08-03T12:05:07+00:00\" \/>\n<meta property=\"og:image\" content=\"https:\/\/2bazores.com\/wp-content\/uploads\/2022\/05\/dsc09975-scaled.jpg\" \/>\n\t<meta property=\"og:image:width\" content=\"2560\" \/>\n\t<meta property=\"og:image:height\" content=\"1707\" \/>\n\t<meta property=\"og:image:type\" content=\"image\/jpeg\" \/>\n<meta name=\"twitter:card\" content=\"summary_large_image\" \/>\n<script type=\"application\/ld+json\" class=\"yoast-schema-graph\">{\"@context\":\"https:\/\/schema.org\",\"@graph\":[{\"@type\":\"Organization\",\"@id\":\"https:\/\/2bazores.com\/#organization\",\"name\":\"2B Restaurante Snack Bar\",\"url\":\"https:\/\/2bazores.com\/\",\"sameAs\":[],\"logo\":{\"@type\":\"ImageObject\",\"inLanguage\":\"es\",\"@id\":\"https:\/\/2bazores.com\/#\/schema\/logo\/image\/\",\"url\":\"https:\/\/2bazores.com\/wp-content\/uploads\/2022\/10\/2b-horizontal-header-2.png\",\"contentUrl\":\"https:\/\/2bazores.com\/wp-content\/uploads\/2022\/10\/2b-horizontal-header-2.png\",\"width\":306,\"height\":55,\"caption\":\"2B Restaurante Snack Bar\"},\"image\":{\"@id\":\"https:\/\/2bazores.com\/#\/schema\/logo\/image\/\"}},{\"@type\":\"WebSite\",\"@id\":\"https:\/\/2bazores.com\/#website\",\"url\":\"https:\/\/2bazores.com\/\",\"name\":\"2B Restaurante Snack Bar\",\"description\":\"2B Azores Restaurante\",\"publisher\":{\"@id\":\"https:\/\/2bazores.com\/#organization\"},\"potentialAction\":[{\"@type\":\"SearchAction\",\"target\":{\"@type\":\"EntryPoint\",\"urlTemplate\":\"https:\/\/2bazores.com\/?s={search_term_string}\"},\"query-input\":\"required name=search_term_string\"}],\"inLanguage\":\"es\"},{\"@type\":\"ImageObject\",\"inLanguage\":\"es\",\"@id\":\"https:\/\/2bazores.com\/es\/noticias\/#primaryimage\",\"url\":\"https:\/\/2bazores.com\/wp-content\/uploads\/2022\/05\/dsc09975-scaled.jpg\",\"contentUrl\":\"https:\/\/2bazores.com\/wp-content\/uploads\/2022\/05\/dsc09975-scaled.jpg\",\"width\":2560,\"height\":1707,\"caption\":\"Restaurantes em sao miguel a\u00e7ores\"},{\"@type\":\"WebPage\",\"@id\":\"https:\/\/2bazores.com\/es\/noticias\/#webpage\",\"url\":\"https:\/\/2bazores.com\/es\/noticias\/\",\"name\":\"Comer en Ponta Delgada | Los Mejores Platos para Usted en 2B SnackBar\",\"isPartOf\":{\"@id\":\"https:\/\/2bazores.com\/#website\"},\"primaryImageOfPage\":{\"@id\":\"https:\/\/2bazores.com\/es\/noticias\/#primaryimage\"},\"datePublished\":\"2017-05-05T22:23:04+00:00\",\"dateModified\":\"2022-08-03T12:05:07+00:00\",\"description\":\"En el 2B snackbar Restaurante cocinamos siempre con mucho amor y cari\u00f1o. Est\u00e9 atento a nuestras novedades y prep\u00e1rese comer en Ponta Delgada!\",\"breadcrumb\":{\"@id\":\"https:\/\/2bazores.com\/es\/noticias\/#breadcrumb\"},\"inLanguage\":\"es\",\"potentialAction\":[{\"@type\":\"ReadAction\",\"target\":[\"https:\/\/2bazores.com\/es\/noticias\/\"]}]},{\"@type\":\"BreadcrumbList\",\"@id\":\"https:\/\/2bazores.com\/es\/noticias\/#breadcrumb\",\"itemListElement\":[{\"@type\":\"ListItem\",\"position\":1,\"name\":\"Home\",\"item\":\"https:\/\/2bazores.com\/es\/\"},{\"@type\":\"ListItem\",\"position\":2,\"name\":\"Noticias\"}]}]}<\/script>\n<!-- \/ Yoast SEO plugin. -->","yoast_head_json":{"title":"Comer en Ponta Delgada | Los Mejores Platos para Usted en 2B SnackBar","description":"En el 2B snackbar Restaurante cocinamos siempre con mucho amor y cari\u00f1o. Est\u00e9 atento a nuestras novedades y prep\u00e1rese comer en Ponta Delgada!","robots":{"index":"index","follow":"follow","max-snippet":"max-snippet:-1","max-image-preview":"max-image-preview:large","max-video-preview":"max-video-preview:-1"},"canonical":"https:\/\/2bazores.com\/es\/noticias\/","og_locale":"es_ES","og_type":"article","og_title":"Comer en Ponta Delgada | Los Mejores Platos para Usted en 2B SnackBar","og_description":"En el 2B snackbar Restaurante cocinamos siempre con mucho amor y cari\u00f1o. Est\u00e9 atento a nuestras novedades y prep\u00e1rese comer en Ponta Delgada!","og_url":"https:\/\/2bazores.com\/es\/noticias\/","og_site_name":"2B Restaurante Snack Bar","article_modified_time":"2022-08-03T12:05:07+00:00","og_image":[{"width":2560,"height":1707,"url":"https:\/\/2bazores.com\/wp-content\/uploads\/2022\/05\/dsc09975-scaled.jpg","type":"image\/jpeg"}],"twitter_card":"summary_large_image","schema":{"@context":"https:\/\/schema.org","@graph":[{"@type":"Organization","@id":"https:\/\/2bazores.com\/#organization","name":"2B Restaurante Snack Bar","url":"https:\/\/2bazores.com\/","sameAs":[],"logo":{"@type":"ImageObject","inLanguage":"es","@id":"https:\/\/2bazores.com\/#\/schema\/logo\/image\/","url":"https:\/\/2bazores.com\/wp-content\/uploads\/2022\/10\/2b-horizontal-header-2.png","contentUrl":"https:\/\/2bazores.com\/wp-content\/uploads\/2022\/10\/2b-horizontal-header-2.png","width":306,"height":55,"caption":"2B Restaurante Snack Bar"},"image":{"@id":"https:\/\/2bazores.com\/#\/schema\/logo\/image\/"}},{"@type":"WebSite","@id":"https:\/\/2bazores.com\/#website","url":"https:\/\/2bazores.com\/","name":"2B Restaurante Snack Bar","description":"2B Azores Restaurante","publisher":{"@id":"https:\/\/2bazores.com\/#organization"},"potentialAction":[{"@type":"SearchAction","target":{"@type":"EntryPoint","urlTemplate":"https:\/\/2bazores.com\/?s={search_term_string}"},"query-input":"required name=search_term_string"}],"inLanguage":"es"},{"@type":"ImageObject","inLanguage":"es","@id":"https:\/\/2bazores.com\/es\/noticias\/#primaryimage","url":"https:\/\/2bazores.com\/wp-content\/uploads\/2022\/05\/dsc09975-scaled.jpg","contentUrl":"https:\/\/2bazores.com\/wp-content\/uploads\/2022\/05\/dsc09975-scaled.jpg","width":2560,"height":1707,"caption":"Restaurantes em sao miguel a\u00e7ores"},{"@type":"WebPage","@id":"https:\/\/2bazores.com\/es\/noticias\/#webpage","url":"https:\/\/2bazores.com\/es\/noticias\/","name":"Comer en Ponta Delgada | Los Mejores Platos para Usted en 2B SnackBar","isPartOf":{"@id":"https:\/\/2bazores.com\/#website"},"primaryImageOfPage":{"@id":"https:\/\/2bazores.com\/es\/noticias\/#primaryimage"},"datePublished":"2017-05-05T22:23:04+00:00","dateModified":"2022-08-03T12:05:07+00:00","description":"En el 2B snackbar Restaurante cocinamos siempre con mucho amor y cari\u00f1o. Est\u00e9 atento a nuestras novedades y prep\u00e1rese comer en Ponta Delgada!","breadcrumb":{"@id":"https:\/\/2bazores.com\/es\/noticias\/#breadcrumb"},"inLanguage":"es","potentialAction":[{"@type":"ReadAction","target":["https:\/\/2bazores.com\/es\/noticias\/"]}]},{"@type":"BreadcrumbList","@id":"https:\/\/2bazores.com\/es\/noticias\/#breadcrumb","itemListElement":[{"@type":"ListItem","position":1,"name":"Home","item":"https:\/\/2bazores.com\/es\/"},{"@type":"ListItem","position":2,"name":"Noticias"}]}]}},"_links":{"self":[{"href":"https:\/\/2bazores.com\/es\/wp-json\/wp\/v2\/pages\/12134"}],"collection":[{"href":"https:\/\/2bazores.com\/es\/wp-json\/wp\/v2\/pages"}],"about":[{"href":"https:\/\/2bazores.com\/es\/wp-json\/wp\/v2\/types\/page"}],"author":[{"embeddable":true,"href":"https:\/\/2bazores.com\/es\/wp-json\/wp\/v2\/users\/1"}],"replies":[{"embeddable":true,"href":"https:\/\/2bazores.com\/es\/wp-json\/wp\/v2\/comments?post=12134"}],"version-history":[{"count":2,"href":"https:\/\/2bazores.com\/es\/wp-json\/wp\/v2\/pages\/12134\/revisions"}],"predecessor-version":[{"id":12720,"href":"https:\/\/2bazores.com\/es\/wp-json\/wp\/v2\/pages\/12134\/revisions\/12720"}],"wp:featuredmedia":[{"embeddable":true,"href":"https:\/\/2bazores.com\/es\/wp-json\/wp\/v2\/media\/12012"}],"wp:attachment":[{"href":"https:\/\/2bazores.com\/es\/wp-json\/wp\/v2\/media?parent=12134"}],"curies":[{"name":"wp","href":"https:\/\/api.w.org\/{rel}","templated":true}]}}