{"id":12144,"date":"2017-05-10T13:40:41","date_gmt":"2017-05-10T13:40:41","guid":{"rendered":"https:\/\/2bazores.com\/reservas\/"},"modified":"2022-09-16T16:27:23","modified_gmt":"2022-09-16T16:27:23","slug":"reservierungen","status":"publish","type":"page","link":"https:\/\/2bazores.com\/de\/reservierungen\/","title":{"rendered":"Reservierungen"},"content":{"rendered":"<p>[vc_row css=&#8220;.vc_custom_1654170275063{margin-top: 0px !important;margin-bottom: 0px !important;padding-top: 80px !important;padding-bottom: 60px !important;}&#8220;][vc_column width=&#8220;1\/6&#8243;][\/vc_column][vc_column width=&#8220;4\/6&#8243;]<div id=\"ultimate-heading-87569f5fbb84ef8f\" class=\"uvc-heading ult-adjust-bottom-margin ultimate-heading-87569f5fbb84ef8f uvc-9200 \" data-hspacer=\"no_spacer\"  data-halign=\"center\" style=\"text-align:center\"><div class=\"uvc-heading-spacer no_spacer\" style=\"top\"><\/div><div class=\"uvc-main-heading ult-responsive\"  data-ultimate-target='.uvc-heading.ultimate-heading-87569f5fbb84ef8f h2'  data-responsive-json-new='{\"font-size\":\"desktop:24px;\",\"line-height\":\"desktop:34px;\"}' ><h2 style=\"font-family:&#039;Gloria Hallelujah&#039;;font-weight:bold;color:#d5c3a0;margin-bottom:5px;\">Reservieren Sie jetzt<\/h2><\/div><div class=\"uvc-sub-heading ult-responsive\"  data-ultimate-target='.uvc-heading.ultimate-heading-87569f5fbb84ef8f .uvc-sub-heading '  data-responsive-json-new='{\"font-size\":\"desktop:42px;\",\"line-height\":\"desktop:54px;\"}'  style=\"font-family:&#039;Josefin Sans&#039;;font-weight:700;color:#333333;margin-bottom:40px;\"><span id=\"result_box\" class=\"short_text\" lang=\"en\"><span class=\"\">Einen Tisch reservieren<\/span><\/span><\/div><\/div>[vc_column_text css=&#8220;.vc_custom_1663345575146{margin-top: 0px !important;margin-bottom: 0px !important;padding-top: 0px !important;padding-bottom: 40px !important;}&#8220;]<\/p>\n<p style=\"text-align: center;\">Reservieren Sie jetzt und genie\u00dfen Sie einen einzigartigen Moment! Unser Essen, 100 % Azoren, ist etwas zum Essen und Weinen nach mehr! Genie\u00dfen Sie alles, was wir f\u00fcr Sie haben.<\/p>\n<p>[\/vc_column_text]<div role=\"form\" class=\"wpcf7\" id=\"wpcf7-f12174-o1\" lang=\"de-DE\" dir=\"ltr\">\n<div class=\"screen-reader-response\"><p role=\"status\" aria-live=\"polite\" aria-atomic=\"true\"><\/p> <ul><\/ul><\/div>\n<form action=\"\/de\/wp-json\/wp\/v2\/pages\/12144#wpcf7-f12174-o1\" method=\"post\" class=\"wpcf7-form init\" novalidate=\"novalidate\" data-status=\"init\">\n<div style=\"display: none;\">\n<input type=\"hidden\" name=\"_wpcf7\" value=\"12174\" \/>\n<input type=\"hidden\" name=\"_wpcf7_version\" value=\"5.5.6.1\" \/>\n<input type=\"hidden\" name=\"_wpcf7_locale\" value=\"de_DE\" \/>\n<input type=\"hidden\" name=\"_wpcf7_unit_tag\" value=\"wpcf7-f12174-o1\" \/>\n<input type=\"hidden\" name=\"_wpcf7_container_post\" value=\"0\" \/>\n<input type=\"hidden\" name=\"_wpcf7_posted_data_hash\" value=\"\" \/>\n<input type=\"hidden\" name=\"_wpcf7_recaptcha_response\" value=\"\" \/>\n<\/div>\n<div class=\"cstheme_contactform_type10\">\n<div class=\"clearfix\"><span class=\"wpcf7-form-control-wrap your-name\"><input type=\"text\" name=\"your-name\" value=\"\" size=\"40\" class=\"wpcf7-form-control wpcf7-text wpcf7-validates-as-required\" aria-required=\"true\" aria-invalid=\"false\" placeholder=\"Name\" \/><\/span><span class=\"wpcf7-form-control-wrap your-email\"><input type=\"email\" name=\"your-email\" value=\"\" size=\"40\" class=\"wpcf7-form-control wpcf7-text wpcf7-email wpcf7-validates-as-required wpcf7-validates-as-email\" aria-required=\"true\" aria-invalid=\"false\" placeholder=\"E-mail\" \/><\/span><span class=\"wpcf7-form-control-wrap tel-285\"><input type=\"tel\" name=\"tel-285\" value=\"\" size=\"40\" class=\"wpcf7-form-control wpcf7-text wpcf7-tel wpcf7-validates-as-required wpcf7-validates-as-tel\" aria-required=\"true\" aria-invalid=\"false\" placeholder=\"Kontakt\" \/><\/span><\/div>\n<div class=\"clearfix\"><span class=\"wpcf7-form-control-wrap pessoas\"><input type=\"number\" name=\"pessoas\" value=\"\" class=\"wpcf7-form-control wpcf7-number wpcf7-validates-as-required wpcf7-validates-as-number\" min=\"1\" aria-required=\"true\" aria-invalid=\"false\" placeholder=\"Personen\" \/><\/span><span class=\"wpcf7-form-control-wrap date-565\"><input type=\"date\" name=\"date-565\" value=\"\" class=\"wpcf7-form-control wpcf7-date wpcf7-validates-as-required wpcf7-validates-as-date\" aria-required=\"true\" aria-invalid=\"false\" placeholder=\"Datum\" \/><\/span><span class=\"wpcf7-form-control-wrap time\"><input type=\"text\" name=\"time\" value=\"\" size=\"40\" class=\"wpcf7-form-control wpcf7-text wpcf7-validates-as-required walcf7-timepicker\" aria-required=\"true\" aria-invalid=\"false\" placeholder=\"Stunde\" \/><\/span><\/div>\n<p><span class=\"wpcf7-form-control-wrap your-message\"><textarea name=\"your-message\" cols=\"40\" rows=\"10\" class=\"wpcf7-form-control wpcf7-textarea wpcf7-validates-as-required\" aria-required=\"true\" aria-invalid=\"false\" placeholder=\"Nachricht\"><\/textarea><\/span><br \/>\n<span class=\"wpcf7-form-control-wrap acceptance-69\"><span class=\"wpcf7-form-control wpcf7-acceptance\"><span class=\"wpcf7-list-item\"><label><input type=\"checkbox\" name=\"acceptance-69\" value=\"1\" aria-invalid=\"false\" \/><span class=\"wpcf7-list-item-label\">Ich habe die <a href=\"https:\/\/2bazores.com\/de\/geschaeftsbedingungen\/\" target=\"_blank\">Allgemeinen Gesch\u00e4ftsbedingungen<\/a> und die <a href=\"https:\/\/2bazores.com\/de\/datenschutz-bestimmungen\/\" target=\"_blank\">Datenschutzrichtlinie<\/a> gelesen und akzeptiere sie.<\/span><\/label><\/span><\/span><\/span><\/p>\n<div class=\"text-center\"><input type=\"submit\" value=\"Stellen Sie eine Reservierungsanfrage\" class=\"wpcf7-form-control has-spinner wpcf7-submit\" \/><\/div>\n<\/div>\n<div class=\"wpcf7-response-output\" aria-hidden=\"true\"><\/div><\/form><\/div>[\/vc_column][vc_column width=&#8220;1\/6&#8243;][\/vc_column][\/vc_row][vc_row bg_type=&#8220;bg_color&#8220; bg_override=&#8220;full&#8220; css=&#8220;.vc_custom_1654166887193{margin-top: 0px !important;margin-bottom: 0px !important;padding-top: 30px !important;padding-bottom: 30px !important;}&#8220; bg_color_value=&#8220;#faf9f5&#8243;][vc_column css=&#8220;.vc_custom_1654166987241{padding-bottom: 35px !important;}&#8220;]<div id=\"ultimate-heading-23569f5fbb84f45e\" class=\"uvc-heading ult-adjust-bottom-margin ultimate-heading-23569f5fbb84f45e uvc-1480 h3Reserve\" data-hspacer=\"no_spacer\"  data-halign=\"center\" style=\"text-align:center\"><div class=\"uvc-heading-spacer no_spacer\" style=\"top\"><\/div><div class=\"uvc-main-heading ult-responsive\"  data-ultimate-target='.uvc-heading.ultimate-heading-23569f5fbb84f45e h3'  data-responsive-json-new='{\"font-size\":\"desktop:42px;\",\"line-height\":\"desktop:42px;\"}' ><h3 style=\"font-family:&#039;Gloria Hallelujah&#039;;font-weight:bold;color:#333333;\">Bitte warten Sie auf die Best\u00e4tigung Ihrer Reservierung<\/h3><\/div><\/div>[\/vc_column][\/vc_row]<\/p>\n","protected":false},"excerpt":{"rendered":"<p>[vc_row css=&#8220;.vc_custom_1654170275063{margin-top: 0px !important;margin-bottom: 0px !important;padding-top: 80px !important;padding-bottom: 60px !important;}&#8220;][vc_column width=&#8220;1\/6&#8243;][\/vc_column][vc_column width=&#8220;4\/6&#8243;][vc_column_text css=&#8220;.vc_custom_1663345575146{margin-top: 0px !important;margin-bottom: 0px !important;padding-top: 0px !important;padding-bottom: 40px !important;}&#8220;] Reservieren Sie jetzt und genie\u00dfen Sie einen einzigartigen Moment! Unser Essen, 100 % Azoren, ist etwas zum Essen und Weinen nach mehr! Genie\u00dfen Sie alles, was wir f\u00fcr Sie haben. [\/vc_column_text][\/vc_column][vc_column width=&#8220;1\/6&#8243;][\/vc_column][\/vc_row][vc_row bg_type=&#8220;bg_color&#8220; bg_override=&#8220;full&#8220; [&hellip;]<\/p>\n","protected":false},"author":1,"featured_media":12010,"parent":0,"menu_order":0,"comment_status":"closed","ping_status":"closed","template":"","meta":[],"acf":[],"yoast_head":"<!-- This site is optimized with the Yoast SEO plugin v19.0 - https:\/\/yoast.com\/wordpress\/plugins\/seo\/ -->\n<title>Reservierungen - 2B Restaurante Snack Bar<\/title>\n<meta name=\"robots\" content=\"index, follow, max-snippet:-1, max-image-preview:large, max-video-preview:-1\" \/>\n<link rel=\"canonical\" href=\"https:\/\/2bazores.com\/de\/reservierungen\/\" \/>\n<meta property=\"og:locale\" content=\"de_DE\" \/>\n<meta property=\"og:type\" content=\"article\" \/>\n<meta property=\"og:title\" content=\"Reservierungen - 2B Restaurante Snack Bar\" \/>\n<meta property=\"og:description\" content=\"[vc_row css=&#8220;.vc_custom_1654170275063{margin-top: 0px !important;margin-bottom: 0px !important;padding-top: 80px !important;padding-bottom: 60px !important;}&#8220;][vc_column width=&#8220;1\/6&#8243;][\/vc_column][vc_column width=&#8220;4\/6&#8243;][vc_column_text css=&#8220;.vc_custom_1663345575146{margin-top: 0px !important;margin-bottom: 0px !important;padding-top: 0px !important;padding-bottom: 40px !important;}&#8220;] Reservieren Sie jetzt und genie\u00dfen Sie einen einzigartigen Moment! Unser Essen, 100 % Azoren, ist etwas zum Essen und Weinen nach mehr! Genie\u00dfen Sie alles, was wir f\u00fcr Sie haben. [\/vc_column_text][\/vc_column][vc_column width=&#8220;1\/6&#8243;][\/vc_column][\/vc_row][vc_row bg_type=&#8220;bg_color&#8220; bg_override=&#8220;full&#8220; [&hellip;]\" \/>\n<meta property=\"og:url\" content=\"https:\/\/2bazores.com\/de\/reservierungen\/\" \/>\n<meta property=\"og:site_name\" content=\"2B Restaurante Snack Bar\" \/>\n<meta property=\"article:modified_time\" content=\"2022-09-16T16:27:23+00:00\" \/>\n<meta property=\"og:image\" content=\"https:\/\/2bazores.com\/wp-content\/uploads\/2022\/05\/dsc09975-scaled.jpg\" \/>\n\t<meta property=\"og:image:width\" content=\"2560\" \/>\n\t<meta property=\"og:image:height\" content=\"1707\" \/>\n\t<meta property=\"og:image:type\" content=\"image\/jpeg\" \/>\n<meta name=\"twitter:card\" content=\"summary_large_image\" \/>\n<meta name=\"twitter:label1\" content=\"Est. reading time\" \/>\n\t<meta name=\"twitter:data1\" content=\"1 Minute\" \/>\n<script type=\"application\/ld+json\" class=\"yoast-schema-graph\">{\"@context\":\"https:\/\/schema.org\",\"@graph\":[{\"@type\":\"Organization\",\"@id\":\"https:\/\/2bazores.com\/#organization\",\"name\":\"2B Restaurante Snack Bar\",\"url\":\"https:\/\/2bazores.com\/\",\"sameAs\":[],\"logo\":{\"@type\":\"ImageObject\",\"inLanguage\":\"de-DE\",\"@id\":\"https:\/\/2bazores.com\/#\/schema\/logo\/image\/\",\"url\":\"https:\/\/2bazores.com\/wp-content\/uploads\/2022\/10\/2b-horizontal-header-2.png\",\"contentUrl\":\"https:\/\/2bazores.com\/wp-content\/uploads\/2022\/10\/2b-horizontal-header-2.png\",\"width\":306,\"height\":55,\"caption\":\"2B Restaurante Snack Bar\"},\"image\":{\"@id\":\"https:\/\/2bazores.com\/#\/schema\/logo\/image\/\"}},{\"@type\":\"WebSite\",\"@id\":\"https:\/\/2bazores.com\/#website\",\"url\":\"https:\/\/2bazores.com\/\",\"name\":\"2B Restaurante Snack Bar\",\"description\":\"2B Azores Restaurante\",\"publisher\":{\"@id\":\"https:\/\/2bazores.com\/#organization\"},\"potentialAction\":[{\"@type\":\"SearchAction\",\"target\":{\"@type\":\"EntryPoint\",\"urlTemplate\":\"https:\/\/2bazores.com\/?s={search_term_string}\"},\"query-input\":\"required name=search_term_string\"}],\"inLanguage\":\"de-DE\"},{\"@type\":\"ImageObject\",\"inLanguage\":\"de-DE\",\"@id\":\"https:\/\/2bazores.com\/de\/reservierungen\/#primaryimage\",\"url\":\"https:\/\/2bazores.com\/wp-content\/uploads\/2022\/05\/dsc09975-scaled.jpg\",\"contentUrl\":\"https:\/\/2bazores.com\/wp-content\/uploads\/2022\/05\/dsc09975-scaled.jpg\",\"width\":2560,\"height\":1707,\"caption\":\"Restaurantes em sao miguel a\u00e7ores\"},{\"@type\":\"WebPage\",\"@id\":\"https:\/\/2bazores.com\/de\/reservierungen\/#webpage\",\"url\":\"https:\/\/2bazores.com\/de\/reservierungen\/\",\"name\":\"Reservierungen - 2B Restaurante Snack Bar\",\"isPartOf\":{\"@id\":\"https:\/\/2bazores.com\/#website\"},\"primaryImageOfPage\":{\"@id\":\"https:\/\/2bazores.com\/de\/reservierungen\/#primaryimage\"},\"datePublished\":\"2017-05-10T13:40:41+00:00\",\"dateModified\":\"2022-09-16T16:27:23+00:00\",\"breadcrumb\":{\"@id\":\"https:\/\/2bazores.com\/de\/reservierungen\/#breadcrumb\"},\"inLanguage\":\"de-DE\",\"potentialAction\":[{\"@type\":\"ReadAction\",\"target\":[\"https:\/\/2bazores.com\/de\/reservierungen\/\"]}]},{\"@type\":\"BreadcrumbList\",\"@id\":\"https:\/\/2bazores.com\/de\/reservierungen\/#breadcrumb\",\"itemListElement\":[{\"@type\":\"ListItem\",\"position\":1,\"name\":\"Home\",\"item\":\"https:\/\/2bazores.com\/de\/\"},{\"@type\":\"ListItem\",\"position\":2,\"name\":\"Reservierungen\"}]}]}<\/script>\n<!-- \/ Yoast SEO plugin. -->","yoast_head_json":{"title":"Reservierungen - 2B Restaurante Snack Bar","robots":{"index":"index","follow":"follow","max-snippet":"max-snippet:-1","max-image-preview":"max-image-preview:large","max-video-preview":"max-video-preview:-1"},"canonical":"https:\/\/2bazores.com\/de\/reservierungen\/","og_locale":"de_DE","og_type":"article","og_title":"Reservierungen - 2B Restaurante Snack Bar","og_description":"[vc_row css=&#8220;.vc_custom_1654170275063{margin-top: 0px !important;margin-bottom: 0px !important;padding-top: 80px !important;padding-bottom: 60px !important;}&#8220;][vc_column width=&#8220;1\/6&#8243;][\/vc_column][vc_column width=&#8220;4\/6&#8243;][vc_column_text css=&#8220;.vc_custom_1663345575146{margin-top: 0px !important;margin-bottom: 0px !important;padding-top: 0px !important;padding-bottom: 40px !important;}&#8220;] Reservieren Sie jetzt und genie\u00dfen Sie einen einzigartigen Moment! Unser Essen, 100 % Azoren, ist etwas zum Essen und Weinen nach mehr! Genie\u00dfen Sie alles, was wir f\u00fcr Sie haben. [\/vc_column_text][\/vc_column][vc_column width=&#8220;1\/6&#8243;][\/vc_column][\/vc_row][vc_row bg_type=&#8220;bg_color&#8220; bg_override=&#8220;full&#8220; [&hellip;]","og_url":"https:\/\/2bazores.com\/de\/reservierungen\/","og_site_name":"2B Restaurante Snack Bar","article_modified_time":"2022-09-16T16:27:23+00:00","og_image":[{"width":2560,"height":1707,"url":"https:\/\/2bazores.com\/wp-content\/uploads\/2022\/05\/dsc09975-scaled.jpg","type":"image\/jpeg"}],"twitter_card":"summary_large_image","twitter_misc":{"Est. reading time":"1 Minute"},"schema":{"@context":"https:\/\/schema.org","@graph":[{"@type":"Organization","@id":"https:\/\/2bazores.com\/#organization","name":"2B Restaurante Snack Bar","url":"https:\/\/2bazores.com\/","sameAs":[],"logo":{"@type":"ImageObject","inLanguage":"de-DE","@id":"https:\/\/2bazores.com\/#\/schema\/logo\/image\/","url":"https:\/\/2bazores.com\/wp-content\/uploads\/2022\/10\/2b-horizontal-header-2.png","contentUrl":"https:\/\/2bazores.com\/wp-content\/uploads\/2022\/10\/2b-horizontal-header-2.png","width":306,"height":55,"caption":"2B Restaurante Snack Bar"},"image":{"@id":"https:\/\/2bazores.com\/#\/schema\/logo\/image\/"}},{"@type":"WebSite","@id":"https:\/\/2bazores.com\/#website","url":"https:\/\/2bazores.com\/","name":"2B Restaurante Snack Bar","description":"2B Azores Restaurante","publisher":{"@id":"https:\/\/2bazores.com\/#organization"},"potentialAction":[{"@type":"SearchAction","target":{"@type":"EntryPoint","urlTemplate":"https:\/\/2bazores.com\/?s={search_term_string}"},"query-input":"required name=search_term_string"}],"inLanguage":"de-DE"},{"@type":"ImageObject","inLanguage":"de-DE","@id":"https:\/\/2bazores.com\/de\/reservierungen\/#primaryimage","url":"https:\/\/2bazores.com\/wp-content\/uploads\/2022\/05\/dsc09975-scaled.jpg","contentUrl":"https:\/\/2bazores.com\/wp-content\/uploads\/2022\/05\/dsc09975-scaled.jpg","width":2560,"height":1707,"caption":"Restaurantes em sao miguel a\u00e7ores"},{"@type":"WebPage","@id":"https:\/\/2bazores.com\/de\/reservierungen\/#webpage","url":"https:\/\/2bazores.com\/de\/reservierungen\/","name":"Reservierungen - 2B Restaurante Snack Bar","isPartOf":{"@id":"https:\/\/2bazores.com\/#website"},"primaryImageOfPage":{"@id":"https:\/\/2bazores.com\/de\/reservierungen\/#primaryimage"},"datePublished":"2017-05-10T13:40:41+00:00","dateModified":"2022-09-16T16:27:23+00:00","breadcrumb":{"@id":"https:\/\/2bazores.com\/de\/reservierungen\/#breadcrumb"},"inLanguage":"de-DE","potentialAction":[{"@type":"ReadAction","target":["https:\/\/2bazores.com\/de\/reservierungen\/"]}]},{"@type":"BreadcrumbList","@id":"https:\/\/2bazores.com\/de\/reservierungen\/#breadcrumb","itemListElement":[{"@type":"ListItem","position":1,"name":"Home","item":"https:\/\/2bazores.com\/de\/"},{"@type":"ListItem","position":2,"name":"Reservierungen"}]}]}},"_links":{"self":[{"href":"https:\/\/2bazores.com\/de\/wp-json\/wp\/v2\/pages\/12144"}],"collection":[{"href":"https:\/\/2bazores.com\/de\/wp-json\/wp\/v2\/pages"}],"about":[{"href":"https:\/\/2bazores.com\/de\/wp-json\/wp\/v2\/types\/page"}],"author":[{"embeddable":true,"href":"https:\/\/2bazores.com\/de\/wp-json\/wp\/v2\/users\/1"}],"replies":[{"embeddable":true,"href":"https:\/\/2bazores.com\/de\/wp-json\/wp\/v2\/comments?post=12144"}],"version-history":[{"count":3,"href":"https:\/\/2bazores.com\/de\/wp-json\/wp\/v2\/pages\/12144\/revisions"}],"predecessor-version":[{"id":14159,"href":"https:\/\/2bazores.com\/de\/wp-json\/wp\/v2\/pages\/12144\/revisions\/14159"}],"wp:featuredmedia":[{"embeddable":true,"href":"https:\/\/2bazores.com\/de\/wp-json\/wp\/v2\/media\/12010"}],"wp:attachment":[{"href":"https:\/\/2bazores.com\/de\/wp-json\/wp\/v2\/media?parent=12144"}],"curies":[{"name":"wp","href":"https:\/\/api.w.org\/{rel}","templated":true}]}}